{"id":1883,"date":"2021-09-11T17:34:39","date_gmt":"2021-09-11T15:34:39","guid":{"rendered":"https:\/\/daroulqouran.fr\/?page_id=1883"},"modified":"2025-08-12T17:04:57","modified_gmt":"2025-08-12T15:04:57","slug":"mentions-legales","status":"publish","type":"page","link":"https:\/\/daroulqouran.fr\/index.php\/mentions-legales\/","title":{"rendered":"MENTIONS LEGALES"},"content":{"rendered":"\t\t<div data-elementor-type=\"wp-page\" data-elementor-id=\"1883\" class=\"elementor elementor-1883\">\n\t\t\t\t\t\t<section class=\"elementor-section elementor-top-section elementor-element elementor-element-5e28ae4 elementor-section-boxed elementor-section-height-default elementor-section-height-default\" data-id=\"5e28ae4\" data-element_type=\"section\">\n\t\t\t\t\t\t<div class=\"elementor-container elementor-column-gap-default\">\n\t\t\t\t\t<div class=\"elementor-column elementor-col-100 elementor-top-column elementor-element elementor-element-91b2f19\" data-id=\"91b2f19\" data-element_type=\"column\">\n\t\t\t<div class=\"elementor-widget-wrap elementor-element-populated\">\n\t\t\t\t\t\t<div class=\"elementor-element elementor-element-65116cb elementor-widget elementor-widget-shortcode\" data-id=\"65116cb\" data-element_type=\"widget\" data-widget_type=\"shortcode.default\">\n\t\t\t\t<div class=\"elementor-widget-container\">\n\t\t\t\t\t\t\t<div class=\"elementor-shortcode\">\n<h1>Mentions l\u00e9gales<\/h1>\n<p>En vigueur au <time datetime=\"2020-01-01\">01\/01\/2020<\/time><\/p>\n\n \n<p>Conform\u00e9ment aux dispositions des Articles 6-III et 19 de la Loi n\u00b02004-575 du 21 juin 2004 pour la Confiance dans l\u2019\u00e9conomie num\u00e9rique, dite L.C.E.N., il est port\u00e9 \u00e0 la connaissance des utilisateurs et visiteurs, ci-apr\u00e8s l'\"Utilisateur\", du site <a href=\"https:\/\/daroulqouran.fr\">Daroul Qouran<\/a> , ci-apr\u00e8s le \"Site\", les pr\u00e9sentes mentions l\u00e9gales.<\/p>\n\n<p>La connexion et la navigation sur le Site par l\u2019Utilisateur implique acceptation int\u00e9grale et sans r\u00e9serve des pr\u00e9sentes mentions l\u00e9gales.<\/p>\n\n<p id=\"mlw-credits-show-more\" onclick=\"document.querySelector('#mlw-credits').style.height = 'auto'; this.style.display = 'none'\">Voir les cr\u00e9dits.<\/p>\n<div id=\"mlw-credits\" style=\"height:0px; overflow:hidden;\" >\n    Ces mentions l\u00e9gales ont \u00e9t\u00e9 g\u00e9n\u00e9r\u00e9es via le plugin Mentions L\u00e9gales par <a href=\"https:\/\/webdeclic.com\/\" target=\"_blank\">Webdeclic SAS<\/a>.\n    <p>\n        <a href=\"#\" onclick=\"document.querySelector('#mlw-credits').style.height = '0px'; document.querySelector('#mlw-credits-show-more').style.display = 'block'\">Cacher les cr\u00e9dits<\/a>\n    <\/p>\n<\/div>\n\n<h2>ARTICLE 1 - L'EDITEUR<\/h2>\n\n    <p>\n        L'\u00e9dition du Site est assur\u00e9e par ASSOCIATION 1901 LUMIERE DU SAVOIR, SIREN : 835038761, domicili\u00e9 au 14 RUE AUGUSTE RENOIR, 95140 GARGES LES GONESSE.\n    <\/p>\n    <p>Num\u00e9ro de t\u00e9l\u00e9phone : 07 49 19 50 92,<\/p>\n    <p>Adresse e-mail : lumieredesavoir@gmail.com.<\/p>\n    \n\n<h2>ARTICLE 2 - L'HEBERGEUR<\/h2>\n\n<p>L'h\u00e9bergeur du Site est la soci\u00e9t\u00e9 OVH SAS, dont le si\u00e8ge social est situ\u00e9 au 2, rue Kellermann, 59100 Roubaix , avec le num\u00e9ro de t\u00e9l\u00e9phone : 09 72 10 10 07.<\/p>\n\n<h2>ARTICLE 3 - ACCES AU SITE<\/h2>\n\n<p>Le Site est accessible en tout endroit, 7j\/7, 24h\/24 sauf cas de force majeure, interruption programm\u00e9e ou non et pouvant d\u00e9coulant d\u2019une n\u00e9cessit\u00e9 de maintenance.<\/p>\n\n<p>En cas de modification, interruption ou suspension du Site, l'Editeur ne saurait \u00eatre tenu responsable.<\/p>\n\n<h2>ARTICLE 4 - COLLECTE DES DONNEES<\/h2>\n    <p>Le Site ne collecte aucune donn\u00e9e personnelle.<\/p>\n     \n<p>Toute utilisation, reproduction, diffusion, commercialisation, modification de toute ou partie du Site, sans autorisation de l\u2019Editeur est prohib\u00e9e et pourra entra\u00een\u00e9e des actions et poursuites judiciaires telles que notamment pr\u00e9vues par le Code de la propri\u00e9t\u00e9 intellectuelle et le Code civil.<\/p>\n\n<p>Pour plus d\u2019informations, se reporter aux CGU du site <a href=\"https:\/\/daroulqouran.fr\">Daroul Qouran<\/a> accessible \u00e0 la rubrique \"CGU\"<\/p>\n<p>Pour plus d\u2019informations, se reporter aux CGV du site <a href=\"https:\/\/daroulqouran.fr\">Daroul Qouran<\/a> accessible \u00e0 la rubrique \"CGV\" <\/p>\n<p>Pour plus d'informations en mati\u00e8re de protection des donn\u00e9es \u00e0 caract\u00e8re personnel , se reporter \u00e0 la Charte en mati\u00e8re de protection des donn\u00e9es \u00e0 caract\u00e8re personnel du site <a href=\"https:\/\/daroulqouran.fr\">Daroul Qouran<\/a> accessible \u00e0 la rubrique \"Donn\u00e9es personnelles\"<\/p>\n<p>Pour plus d'informations en mati\u00e8re de cookies, se reporter \u00e0 la Charte en mati\u00e8re de cookies du site <a href=\"https:\/\/daroulqouran.fr\">Daroul Qouran<\/a> accessible \u00e0 la rubrique \"Cookies\"<\/p>\n\n\n\n<\/div>\n\t\t\t\t\t\t<\/div>\n\t\t\t\t<\/div>\n\t\t\t\t\t<\/div>\n\t\t<\/div>\n\t\t\t\t\t<\/div>\n\t\t<\/section>\n\t\t\t\t<\/div>\n\t\t","protected":false},"excerpt":{"rendered":"","protected":false},"author":1,"featured_media":0,"parent":0,"menu_order":0,"comment_status":"closed","ping_status":"closed","template":"menu","meta":{"footnotes":""},"class_list":["post-1883","page","type-page","status-publish","hentry"],"_links":{"self":[{"href":"https:\/\/daroulqouran.fr\/index.php\/wp-json\/wp\/v2\/pages\/1883","targetHints":{"allow":["GET"]}}],"collection":[{"href":"https:\/\/daroulqouran.fr\/index.php\/wp-json\/wp\/v2\/pages"}],"about":[{"href":"https:\/\/daroulqouran.fr\/index.php\/wp-json\/wp\/v2\/types\/page"}],"author":[{"embeddable":true,"href":"https:\/\/daroulqouran.fr\/index.php\/wp-json\/wp\/v2\/users\/1"}],"replies":[{"embeddable":true,"href":"https:\/\/daroulqouran.fr\/index.php\/wp-json\/wp\/v2\/comments?post=1883"}],"version-history":[{"count":10,"href":"https:\/\/daroulqouran.fr\/index.php\/wp-json\/wp\/v2\/pages\/1883\/revisions"}],"predecessor-version":[{"id":3344,"href":"https:\/\/daroulqouran.fr\/index.php\/wp-json\/wp\/v2\/pages\/1883\/revisions\/3344"}],"wp:attachment":[{"href":"https:\/\/daroulqouran.fr\/index.php\/wp-json\/wp\/v2\/media?parent=1883"}],"curies":[{"name":"wp","href":"https:\/\/api.w.org\/{rel}","templated":true}]}}