{"id":2768,"date":"2025-07-27T18:24:05","date_gmt":"2025-07-27T16:24:05","guid":{"rendered":"https:\/\/daroulqouran.fr\/?page_id=2768"},"modified":"2025-09-05T00:46:21","modified_gmt":"2025-09-04T22:46:21","slug":"pole-nouraaniya-2","status":"publish","type":"page","link":"https:\/\/daroulqouran.fr\/index.php\/pole-nouraaniya-2\/","title":{"rendered":"POLE NOURAANIYA"},"content":{"rendered":"\t\t<div data-elementor-type=\"wp-page\" data-elementor-id=\"2768\" class=\"elementor elementor-2768\">\n\t\t\t\t\t\t<section class=\"elementor-section elementor-top-section elementor-element elementor-element-1b5620a elementor-section-full_width elementor-section-height-default elementor-section-height-default\" data-id=\"1b5620a\" data-element_type=\"section\">\n\t\t\t\t\t\t<div class=\"elementor-container elementor-column-gap-default\">\n\t\t\t\t\t<div class=\"elementor-column elementor-col-100 elementor-top-column elementor-element elementor-element-0d1154c\" data-id=\"0d1154c\" data-element_type=\"column\">\n\t\t\t<div class=\"elementor-widget-wrap elementor-element-populated\">\n\t\t\t\t\t\t<div class=\"elementor-element elementor-element-e856344 elementor-widget elementor-widget-heading\" data-id=\"e856344\" data-element_type=\"widget\" data-widget_type=\"heading.default\">\n\t\t\t\t<div class=\"elementor-widget-container\">\n\t\t\t\t\t<h2 class=\"elementor-heading-title elementor-size-default\">La M\u00e9thode Nour\u00e2niyya<\/h2>\t\t\t\t<\/div>\n\t\t\t\t<\/div>\n\t\t\t\t<section class=\"elementor-section elementor-inner-section elementor-element elementor-element-2fe57ca elementor-section-boxed elementor-section-height-default elementor-section-height-default\" data-id=\"2fe57ca\" data-element_type=\"section\">\n\t\t\t\t\t\t<div class=\"elementor-container elementor-column-gap-default\">\n\t\t\t\t\t<div class=\"elementor-column elementor-col-100 elementor-inner-column elementor-element elementor-element-fa30b0f\" data-id=\"fa30b0f\" data-element_type=\"column\">\n\t\t\t<div class=\"elementor-widget-wrap elementor-element-populated\">\n\t\t\t\t\t\t<div class=\"elementor-element elementor-element-548b92d elementor-widget__width-initial elementor-widget elementor-widget-heading\" data-id=\"548b92d\" data-element_type=\"widget\" data-widget_type=\"heading.default\">\n\t\t\t\t<div class=\"elementor-widget-container\">\n\t\t\t\t\t<h2 class=\"elementor-heading-title elementor-size-default\">Apprendre \u00e0 lire correctement le Qouran<\/h2>\t\t\t\t<\/div>\n\t\t\t\t<\/div>\n\t\t\t\t<div class=\"elementor-element elementor-element-00aa4b2 elementor-widget elementor-widget-spacer\" data-id=\"00aa4b2\" data-element_type=\"widget\" data-widget_type=\"spacer.default\">\n\t\t\t\t<div class=\"elementor-widget-container\">\n\t\t\t\t\t\t\t<div class=\"elementor-spacer\">\n\t\t\t<div class=\"elementor-spacer-inner\"><\/div>\n\t\t<\/div>\n\t\t\t\t\t\t<\/div>\n\t\t\t\t<\/div>\n\t\t\t\t\t<\/div>\n\t\t<\/div>\n\t\t\t\t\t<\/div>\n\t\t<\/section>\n\t\t\t\t<section class=\"elementor-section elementor-inner-section elementor-element elementor-element-6e22bad elementor-section-boxed elementor-section-height-default elementor-section-height-default\" data-id=\"6e22bad\" data-element_type=\"section\">\n\t\t\t\t\t\t<div class=\"elementor-container elementor-column-gap-default\">\n\t\t\t\t\t<div class=\"elementor-column elementor-col-100 elementor-inner-column elementor-element elementor-element-ce4b2fe\" data-id=\"ce4b2fe\" data-element_type=\"column\">\n\t\t\t<div class=\"elementor-widget-wrap elementor-element-populated\">\n\t\t\t\t\t\t<div class=\"elementor-element elementor-element-35affdc elementor-widget elementor-widget-heading\" data-id=\"35affdc\" data-element_type=\"widget\" data-widget_type=\"heading.default\">\n\t\t\t\t<div class=\"elementor-widget-container\">\n\t\t\t\t\t<h2 class=\"elementor-heading-title elementor-size-default\">Qu\u2019est-ce que la Nouraaniya ?<\/h2>\t\t\t\t<\/div>\n\t\t\t\t<\/div>\n\t\t\t\t<div class=\"elementor-element elementor-element-e79c14f elementor-widget elementor-widget-text-editor\" data-id=\"e79c14f\" data-element_type=\"widget\" data-widget_type=\"text-editor.default\">\n\t\t\t\t<div class=\"elementor-widget-container\">\n\t\t\t\t\t\t\t\t\t<p data-start=\"276\" data-end=\"533\">La <strong data-start=\"279\" data-end=\"293\">Nouraaniya<\/strong> est une m\u00e9thode d\u2019apprentissage de la lecture et de la bonne prononciation du Qouran, bas\u00e9e principalement sur <strong data-start=\"406\" data-end=\"446\">l\u2019\u00e9coute, la r\u00e9p\u00e9tition et le visuel<\/strong>.<br data-start=\"447\" data-end=\"450\" \/>Elle permet \u00e9galement \u00e0 l\u2019\u00e9l\u00e8ve de se familiariser avec la <strong data-start=\"509\" data-end=\"530\">graphie coranique<\/strong>.<\/p><p data-start=\"535\" data-end=\"863\">Con\u00e7ue par <strong data-start=\"546\" data-end=\"577\">Cheikh Nour Mohamed Haqqany<\/strong>, cette m\u00e9thode progressive repose sur une approche <strong data-start=\"629\" data-end=\"652\">motiv\u00e9e et positive<\/strong>.<br data-start=\"653\" data-end=\"656\" \/>En la compl\u00e9tant, l\u2019apprenant acquiert naturellement <strong data-start=\"709\" data-end=\"758\">jusqu\u2019\u00e0 80\u202f% des r\u00e8gles de tajwid en pratique<\/strong>, d\u00e9veloppant ainsi une lecture fluide et correcte du Qouran, \u00e9tape essentielle avant la m\u00e9morisation.<\/p>\t\t\t\t\t\t\t\t<\/div>\n\t\t\t\t<\/div>\n\t\t\t\t\t<\/div>\n\t\t<\/div>\n\t\t\t\t\t<\/div>\n\t\t<\/section>\n\t\t\t\t<section class=\"elementor-section elementor-inner-section elementor-element elementor-element-d736c7d elementor-section-boxed elementor-section-height-default elementor-section-height-default\" data-id=\"d736c7d\" data-element_type=\"section\">\n\t\t\t\t\t\t<div class=\"elementor-container elementor-column-gap-default\">\n\t\t\t\t\t<div class=\"elementor-column elementor-col-100 elementor-inner-column elementor-element elementor-element-513e682\" data-id=\"513e682\" data-element_type=\"column\">\n\t\t\t<div class=\"elementor-widget-wrap elementor-element-populated\">\n\t\t\t\t\t\t<div class=\"elementor-element elementor-element-4271a78 elementor-widget elementor-widget-heading\" data-id=\"4271a78\" data-element_type=\"widget\" data-widget_type=\"heading.default\">\n\t\t\t\t<div class=\"elementor-widget-container\">\n\t\t\t\t\t<h2 class=\"elementor-heading-title elementor-size-default\">Comment se d\u00e9roule l\u2019apprentissage ?<\/h2>\t\t\t\t<\/div>\n\t\t\t\t<\/div>\n\t\t\t\t<div class=\"elementor-element elementor-element-d4668b8 elementor-widget elementor-widget-text-editor\" data-id=\"d4668b8\" data-element_type=\"widget\" data-widget_type=\"text-editor.default\">\n\t\t\t\t<div class=\"elementor-widget-container\">\n\t\t\t\t\t\t\t\t\t<p data-start=\"912\" data-end=\"1069\">Le manuel Nouraaniya comprend\u00a0<strong data-start=\"942\" data-end=\"955\">17 le\u00e7ons<\/strong>\u00a0construites exclusivement \u00e0 partir de mots tir\u00e9s du Qouran.<br data-start=\"1016\" data-end=\"1019\" \/>L\u2019apprentissage s\u2019organise en plusieurs \u00e9tapes :<\/p><ol data-start=\"1070\" data-end=\"1225\"><li data-start=\"1070\" data-end=\"1107\"><p data-start=\"1073\" data-end=\"1107\"><strong data-start=\"1073\" data-end=\"1105\">Ma\u00eetrise de l\u2019alphabet arabe.<\/strong><\/p><\/li><li data-start=\"1108\" data-end=\"1170\"><p data-start=\"1111\" data-end=\"1170\"><strong data-start=\"1111\" data-end=\"1168\">Lecture progressive de mots et expressions coraniques.<\/strong><\/p><\/li><li data-start=\"1171\" data-end=\"1225\"><p data-start=\"1174\" data-end=\"1225\"><strong data-start=\"1174\" data-end=\"1223\">Initiation \u00e0 la lecture de parties de versets.<\/strong><\/p><\/li><\/ol>\t\t\t\t\t\t\t\t<\/div>\n\t\t\t\t<\/div>\n\t\t\t\t\t<\/div>\n\t\t<\/div>\n\t\t\t\t\t<\/div>\n\t\t<\/section>\n\t\t\t\t<section class=\"elementor-section elementor-inner-section elementor-element elementor-element-38556a4 elementor-section-boxed elementor-section-height-default elementor-section-height-default\" data-id=\"38556a4\" data-element_type=\"section\">\n\t\t\t\t\t\t<div class=\"elementor-container elementor-column-gap-default\">\n\t\t\t\t\t<div class=\"elementor-column elementor-col-100 elementor-inner-column elementor-element elementor-element-6e4adb3\" data-id=\"6e4adb3\" data-element_type=\"column\">\n\t\t\t<div class=\"elementor-widget-wrap elementor-element-populated\">\n\t\t\t\t\t\t<div class=\"elementor-element elementor-element-9fcc7f9 elementor-widget elementor-widget-heading\" data-id=\"9fcc7f9\" data-element_type=\"widget\" data-widget_type=\"heading.default\">\n\t\t\t\t<div class=\"elementor-widget-container\">\n\t\t\t\t\t<h2 class=\"elementor-heading-title elementor-size-default\">Les avantages de la m\u00e9thode<\/h2>\t\t\t\t<\/div>\n\t\t\t\t<\/div>\n\t\t\t\t<div class=\"elementor-element elementor-element-4237136 elementor-widget elementor-widget-text-editor\" data-id=\"4237136\" data-element_type=\"widget\" data-widget_type=\"text-editor.default\">\n\t\t\t\t<div class=\"elementor-widget-container\">\n\t\t\t\t\t\t\t\t\t<ul data-start=\"1265\" data-end=\"1653\"><li data-start=\"1265\" data-end=\"1334\"><p data-start=\"1267\" data-end=\"1334\">Acquisition rapide et naturelle d\u2019une <strong data-start=\"1305\" data-end=\"1331\">prononciation correcte<\/strong>.<\/p><\/li><li data-start=\"1335\" data-end=\"1428\"><p data-start=\"1337\" data-end=\"1428\">Mise en pratique intuitive des <strong data-start=\"1368\" data-end=\"1400\">principales r\u00e8gles du tajwid<\/strong> par \u00e9coute et r\u00e9p\u00e9tition.<\/p><\/li><li data-start=\"1429\" data-end=\"1501\"><p data-start=\"1431\" data-end=\"1501\">Familiarisation avec l\u2019<strong data-start=\"1454\" data-end=\"1476\">\u00e9criture coranique<\/strong> sp\u00e9cifique au Qouran.<\/p><\/li><li data-start=\"1502\" data-end=\"1579\"><p data-start=\"1504\" data-end=\"1579\">Base solide avant l\u2019\u00e9tude approfondie des <strong data-start=\"1546\" data-end=\"1576\">r\u00e8gles compl\u00e8tes du tajwid<\/strong>.<\/p><\/li><li data-start=\"1580\" data-end=\"1653\"><p data-start=\"1582\" data-end=\"1653\">D\u00e9veloppement d\u2019une <strong data-start=\"1602\" data-end=\"1623\">autonomie durable<\/strong> dans la lecture du Qouran.<\/p><\/li><\/ul>\t\t\t\t\t\t\t\t<\/div>\n\t\t\t\t<\/div>\n\t\t\t\t\t<\/div>\n\t\t<\/div>\n\t\t\t\t\t<\/div>\n\t\t<\/section>\n\t\t\t\t<section class=\"elementor-section elementor-inner-section elementor-element elementor-element-1b2b470 elementor-section-boxed elementor-section-height-default elementor-section-height-default\" data-id=\"1b2b470\" data-element_type=\"section\">\n\t\t\t\t\t\t<div class=\"elementor-container elementor-column-gap-default\">\n\t\t\t\t\t<div class=\"elementor-column elementor-col-100 elementor-inner-column elementor-element elementor-element-0c84a75\" data-id=\"0c84a75\" data-element_type=\"column\">\n\t\t\t<div class=\"elementor-widget-wrap elementor-element-populated\">\n\t\t\t\t\t\t<div class=\"elementor-element elementor-element-bbe8015 elementor-widget elementor-widget-heading\" data-id=\"bbe8015\" data-element_type=\"widget\" data-widget_type=\"heading.default\">\n\t\t\t\t<div class=\"elementor-widget-container\">\n\t\t\t\t\t<h2 class=\"elementor-heading-title elementor-size-default\">\u00c0 qui s\u2019adresse ce programme ?<\/h2>\t\t\t\t<\/div>\n\t\t\t\t<\/div>\n\t\t\t\t<div class=\"elementor-element elementor-element-d684acc elementor-widget elementor-widget-text-editor\" data-id=\"d684acc\" data-element_type=\"widget\" data-widget_type=\"text-editor.default\">\n\t\t\t\t<div class=\"elementor-widget-container\">\n\t\t\t\t\t\t\t\t\t<ul data-start=\"1265\" data-end=\"1653\"><li data-start=\"1265\" data-end=\"1334\"><p data-start=\"1696\" data-end=\"1860\">La m\u00e9thode Nouraaniya convient \u00e0 tout public d\u00e9sireux d\u2019apprendre \u00e0 lire correctement le Qouran.<br data-start=\"1793\" data-end=\"1796\" \/>\u00c0 l\u2019Institut Daroul Qouran, ce cursus est propos\u00e9 sp\u00e9cialement aux :<\/p><ul data-start=\"1861\" data-end=\"2003\"><li data-start=\"1861\" data-end=\"1937\"><p data-start=\"1863\" data-end=\"1937\"><strong data-start=\"1863\" data-end=\"1877\">Femmes<\/strong> (adultes d\u00e9butantes ou souhaitant am\u00e9liorer leur lecture).<\/p><\/li><li data-start=\"1938\" data-end=\"2003\"><p data-start=\"1940\" data-end=\"2003\"><strong data-start=\"1940\" data-end=\"1955\">Enfants<\/strong> (d\u00e9butants ou d\u00e9sirant renforcer leurs bases).<\/p><\/li><\/ul><\/li><\/ul>\t\t\t\t\t\t\t\t<\/div>\n\t\t\t\t<\/div>\n\t\t\t\t\t<\/div>\n\t\t<\/div>\n\t\t\t\t\t<\/div>\n\t\t<\/section>\n\t\t\t\t<div class=\"elementor-element elementor-element-10c85d4 elementor-widget-divider--separator-type-pattern elementor-widget-divider--view-line elementor-widget elementor-widget-divider\" data-id=\"10c85d4\" data-element_type=\"widget\" data-widget_type=\"divider.default\">\n\t\t\t\t<div class=\"elementor-widget-container\">\n\t\t\t\t\t\t\t<div class=\"elementor-divider\" style=\"--divider-pattern-url: url(&quot;data:image\/svg+xml,%3Csvg xmlns=&#039;http:\/\/www.w3.org\/2000\/svg&#039; preserveAspectRatio=&#039;none&#039; overflow=&#039;visible&#039; height=&#039;100%&#039; viewBox=&#039;0 0 24 24&#039; fill=&#039;none&#039; stroke=&#039;black&#039; stroke-width=&#039;3.4&#039; stroke-linecap=&#039;square&#039; stroke-miterlimit=&#039;10&#039;%3E%3Cpath d=&#039;M0,21c3.3,0,8.3-0.9,15.7-7.1c6.6-5.4,4.4-9.3,2.4-10.3c-3.4-1.8-7.7,1.3-7.3,8.8C11.2,20,17.1,21,24,21&#039;\/%3E%3C\/svg%3E&quot;);\">\n\t\t\t<span class=\"elementor-divider-separator\">\n\t\t\t\t\t\t<\/span>\n\t\t<\/div>\n\t\t\t\t\t\t<\/div>\n\t\t\t\t<\/div>\n\t\t\t\t<section class=\"elementor-section elementor-inner-section elementor-element elementor-element-c86d8c4 elementor-section-boxed elementor-section-height-default elementor-section-height-default\" data-id=\"c86d8c4\" data-element_type=\"section\" data-settings=\"{&quot;background_background&quot;:&quot;classic&quot;}\">\n\t\t\t\t\t\t<div class=\"elementor-container elementor-column-gap-default\">\n\t\t\t\t\t<div class=\"elementor-column elementor-col-100 elementor-inner-column elementor-element elementor-element-3fb64e5\" data-id=\"3fb64e5\" data-element_type=\"column\">\n\t\t\t<div class=\"elementor-widget-wrap elementor-element-populated\">\n\t\t\t\t\t\t<div class=\"elementor-element elementor-element-80ed8ee elementor-widget elementor-widget-heading\" data-id=\"80ed8ee\" data-element_type=\"widget\" data-widget_type=\"heading.default\">\n\t\t\t\t<div class=\"elementor-widget-container\">\n\t\t\t\t\t<h2 class=\"elementor-heading-title elementor-size-default\">\u00a0Consultez les plannings<\/h2>\t\t\t\t<\/div>\n\t\t\t\t<\/div>\n\t\t\t\t<div class=\"elementor-element elementor-element-9228325 elementor-widget elementor-widget-text-editor\" data-id=\"9228325\" data-element_type=\"widget\" data-widget_type=\"text-editor.default\">\n\t\t\t\t<div class=\"elementor-widget-container\">\n\t\t\t\t\t\t\t\t\t<p data-start=\"1766\" data-end=\"1844\">S\u00e9lectionnez votre cat\u00e9gorie pour d\u00e9couvrir le planning et les horaires :<\/p><ul data-start=\"1845\" data-end=\"1895\"><li data-start=\"1845\" data-end=\"1874\"><p data-start=\"1847\" data-end=\"1874\"><a class=\"\" href=\"https:\/\/daroulqouran.fr\/index.php\/nouraaniya-femmes\/\" target=\"_blank\" rel=\"noopener\" data-start=\"1847\" data-end=\"1872\"><strong data-start=\"1848\" data-end=\"1868\">Femmes (adultes).<\/strong><\/a><\/p><\/li><li data-start=\"1875\" data-end=\"1895\"><p data-start=\"1877\" data-end=\"1895\"><a class=\"\" href=\"https:\/\/daroulqouran.fr\/index.php\/nouraaniya-enfants\/\" target=\"_blank\" rel=\"noopener\" data-start=\"1877\" data-end=\"1893\"><strong data-start=\"1878\" data-end=\"1889\">Enfants.<\/strong><\/a><\/p><\/li><\/ul>\t\t\t\t\t\t\t\t<\/div>\n\t\t\t\t<\/div>\n\t\t\t\t\t<\/div>\n\t\t<\/div>\n\t\t\t\t\t<\/div>\n\t\t<\/section>\n\t\t\t\t\t<\/div>\n\t\t<\/div>\n\t\t\t\t\t<\/div>\n\t\t<\/section>\n\t\t\t\t<\/div>\n\t\t","protected":false},"excerpt":{"rendered":"<p>La M\u00e9thode Nour\u00e2niyya Apprendre \u00e0 lire correctement le Qouran Qu\u2019est-ce que la Nouraaniya ? La Nouraaniya est une m\u00e9thode d\u2019apprentissage de la lecture et de la bonne prononciation du Qouran, bas\u00e9e principalement sur l\u2019\u00e9coute, la r\u00e9p\u00e9tition et le visuel.Elle permet \u00e9galement \u00e0 l\u2019\u00e9l\u00e8ve de se familiariser avec la graphie coranique. Con\u00e7ue par Cheikh Nour Mohamed [&hellip;]<\/p>\n","protected":false},"author":1,"featured_media":0,"parent":0,"menu_order":0,"comment_status":"closed","ping_status":"closed","template":"menu","meta":{"footnotes":""},"class_list":["post-2768","page","type-page","status-publish","hentry"],"_links":{"self":[{"href":"https:\/\/daroulqouran.fr\/index.php\/wp-json\/wp\/v2\/pages\/2768","targetHints":{"allow":["GET"]}}],"collection":[{"href":"https:\/\/daroulqouran.fr\/index.php\/wp-json\/wp\/v2\/pages"}],"about":[{"href":"https:\/\/daroulqouran.fr\/index.php\/wp-json\/wp\/v2\/types\/page"}],"author":[{"embeddable":true,"href":"https:\/\/daroulqouran.fr\/index.php\/wp-json\/wp\/v2\/users\/1"}],"replies":[{"embeddable":true,"href":"https:\/\/daroulqouran.fr\/index.php\/wp-json\/wp\/v2\/comments?post=2768"}],"version-history":[{"count":33,"href":"https:\/\/daroulqouran.fr\/index.php\/wp-json\/wp\/v2\/pages\/2768\/revisions"}],"predecessor-version":[{"id":3656,"href":"https:\/\/daroulqouran.fr\/index.php\/wp-json\/wp\/v2\/pages\/2768\/revisions\/3656"}],"wp:attachment":[{"href":"https:\/\/daroulqouran.fr\/index.php\/wp-json\/wp\/v2\/media?parent=2768"}],"curies":[{"name":"wp","href":"https:\/\/api.w.org\/{rel}","templated":true}]}}