{"id":2835,"date":"2025-07-23T01:27:34","date_gmt":"2025-07-22T23:27:34","guid":{"rendered":"https:\/\/daroulqouran.fr\/?page_id=2835"},"modified":"2026-03-14T17:24:40","modified_gmt":"2026-03-14T16:24:40","slug":"classelectureadultes","status":"publish","type":"page","link":"https:\/\/daroulqouran.fr\/index.php\/classelectureadultes\/","title":{"rendered":"CLASSE DE LECTURE"},"content":{"rendered":"\t\t<div data-elementor-type=\"wp-page\" data-elementor-id=\"2835\" class=\"elementor elementor-2835\">\n\t\t\t\t\t\t<section class=\"elementor-section elementor-top-section elementor-element elementor-element-76dd729 elementor-section-boxed elementor-section-height-default elementor-section-height-default\" data-id=\"76dd729\" data-element_type=\"section\">\n\t\t\t\t\t\t<div class=\"elementor-container elementor-column-gap-default\">\n\t\t\t\t\t<div class=\"elementor-column elementor-col-100 elementor-top-column elementor-element elementor-element-fbd7dab\" data-id=\"fbd7dab\" data-element_type=\"column\">\n\t\t\t<div class=\"elementor-widget-wrap elementor-element-populated\">\n\t\t\t\t\t\t<div class=\"elementor-element elementor-element-e96a097 elementor-widget elementor-widget-heading\" data-id=\"e96a097\" data-element_type=\"widget\" data-widget_type=\"heading.default\">\n\t\t\t\t<div class=\"elementor-widget-container\">\n\t\t\t\t\t<h2 class=\"elementor-heading-title elementor-size-default\">PRESENTATION<\/h2>\t\t\t\t<\/div>\n\t\t\t\t<\/div>\n\t\t\t\t<div class=\"elementor-element elementor-element-e521611 elementor-widget elementor-widget-text-editor\" data-id=\"e521611\" data-element_type=\"widget\" data-widget_type=\"text-editor.default\">\n\t\t\t\t<div class=\"elementor-widget-container\">\n\t\t\t\t\t\t\t\t\t<p data-start=\"193\" data-end=\"334\"><strong data-start=\"193\" data-end=\"332\">\u00c0 travers trois niveaux progressifs, la Classe de lecture accompagne chaque \u00e9tudiante pour perfectionner sa lecture du Qouran gr\u00e2ce \u00e0 :<\/strong><\/p><ul data-start=\"336\" data-end=\"605\"><li data-start=\"336\" data-end=\"396\"><p data-start=\"338\" data-end=\"396\"><strong data-start=\"338\" data-end=\"394\">L\u2019\u00e9tude th\u00e9orique et pratique des r\u00e8gles de tajweed,<\/strong><\/p><\/li><li data-start=\"397\" data-end=\"457\"><p data-start=\"399\" data-end=\"457\"><strong data-start=\"399\" data-end=\"455\">La correction et l\u2019am\u00e9lioration de la prononciation,<\/strong><\/p><\/li><li data-start=\"458\" data-end=\"605\"><p data-start=\"460\" data-end=\"605\"><strong data-start=\"460\" data-end=\"501\">L\u2019approfondissement des connaissances<\/strong> avec l\u2019\u00e9tude des sourates lues et <strong data-start=\"536\" data-end=\"603\">une s\u00e9ance d\u2019explication et de m\u00e9ditation de la Parole d\u2019Allah.<\/strong><\/p><\/li><\/ul><p data-start=\"607\" data-end=\"726\">La <strong data-start=\"610\" data-end=\"626\">m\u00e9morisation<\/strong> est int\u00e9gr\u00e9e progressivement \u00e0 chaque \u00e9tape, permettant une <strong data-start=\"687\" data-end=\"726\">progression compl\u00e8te et \u00e9quilibr\u00e9e.<\/strong><\/p>\t\t\t\t\t\t\t\t<\/div>\n\t\t\t\t<\/div>\n\t\t\t\t\t<\/div>\n\t\t<\/div>\n\t\t\t\t\t<\/div>\n\t\t<\/section>\n\t\t\t\t<section class=\"elementor-section elementor-top-section elementor-element elementor-element-b11983b elementor-section-boxed elementor-section-height-default elementor-section-height-default\" data-id=\"b11983b\" data-element_type=\"section\">\n\t\t\t\t\t\t<div class=\"elementor-container elementor-column-gap-default\">\n\t\t\t\t\t<div class=\"elementor-column elementor-col-100 elementor-top-column elementor-element elementor-element-6df1c50\" data-id=\"6df1c50\" data-element_type=\"column\">\n\t\t\t<div class=\"elementor-widget-wrap elementor-element-populated\">\n\t\t\t\t\t\t<div class=\"elementor-element elementor-element-b18de84 elementor-widget elementor-widget-text-editor\" data-id=\"b18de84\" data-element_type=\"widget\" data-widget_type=\"text-editor.default\">\n\t\t\t\t<div class=\"elementor-widget-container\">\n\t\t\t\t\t\t\t\t\t<p>Chaque niveau a ses objectifs sp\u00e9cifiques, pour progresser \u00e9tape par \u00e9tape.<\/p>\t\t\t\t\t\t\t\t<\/div>\n\t\t\t\t<\/div>\n\t\t\t\t\t<\/div>\n\t\t<\/div>\n\t\t\t\t\t<\/div>\n\t\t<\/section>\n\t\t\t\t<section class=\"elementor-section elementor-top-section elementor-element elementor-element-1c159fd elementor-section-boxed elementor-section-height-default elementor-section-height-default\" data-id=\"1c159fd\" data-element_type=\"section\">\n\t\t\t\t\t\t<div class=\"elementor-container elementor-column-gap-default\">\n\t\t\t\t\t<div class=\"elementor-column elementor-col-100 elementor-top-column elementor-element elementor-element-5937593\" data-id=\"5937593\" data-element_type=\"column\">\n\t\t\t<div class=\"elementor-widget-wrap elementor-element-populated\">\n\t\t\t\t\t\t<div class=\"elementor-element elementor-element-85f2d29 elementor-tabs-view-horizontal elementor-widget elementor-widget-tabs\" data-id=\"85f2d29\" data-element_type=\"widget\" data-widget_type=\"tabs.default\">\n\t\t\t\t<div class=\"elementor-widget-container\">\n\t\t\t\t\t\t\t<div class=\"elementor-tabs\">\n\t\t\t<div class=\"elementor-tabs-wrapper\" role=\"tablist\" >\n\t\t\t\t\t\t\t\t\t<div id=\"elementor-tab-title-1401\" class=\"elementor-tab-title elementor-tab-desktop-title\" aria-selected=\"true\" data-tab=\"1\" role=\"tab\" tabindex=\"0\" aria-controls=\"elementor-tab-content-1401\" aria-expanded=\"false\">Niveau 1<\/div>\n\t\t\t\t\t\t\t\t\t<div id=\"elementor-tab-title-1402\" class=\"elementor-tab-title elementor-tab-desktop-title\" aria-selected=\"false\" data-tab=\"2\" role=\"tab\" tabindex=\"-1\" aria-controls=\"elementor-tab-content-1402\" aria-expanded=\"false\">Niveau 2<\/div>\n\t\t\t\t\t\t\t\t\t<div id=\"elementor-tab-title-1403\" class=\"elementor-tab-title elementor-tab-desktop-title\" aria-selected=\"false\" data-tab=\"3\" role=\"tab\" tabindex=\"-1\" aria-controls=\"elementor-tab-content-1403\" aria-expanded=\"false\">Niveau 3<\/div>\n\t\t\t\t\t\t\t<\/div>\n\t\t\t<div class=\"elementor-tabs-content-wrapper\" role=\"tablist\" aria-orientation=\"vertical\">\n\t\t\t\t\t\t\t\t\t<div class=\"elementor-tab-title elementor-tab-mobile-title\" aria-selected=\"true\" data-tab=\"1\" role=\"tab\" tabindex=\"0\" aria-controls=\"elementor-tab-content-1401\" aria-expanded=\"false\">Niveau 1<\/div>\n\t\t\t\t\t<div id=\"elementor-tab-content-1401\" class=\"elementor-tab-content elementor-clearfix\" data-tab=\"1\" role=\"tabpanel\" aria-labelledby=\"elementor-tab-title-1401\" tabindex=\"0\" hidden=\"false\"><h4 style=\"text-align: center;\"><strong data-start=\"457\" data-end=\"501\">PREMIERS PAS VERS LA FLUIDITE<\/strong><\/h4><p data-start=\"503\" data-end=\"520\"><strong data-start=\"503\" data-end=\"518\">PRE-REQUIS :<\/strong><\/p><ul data-start=\"521\" data-end=\"634\"><li data-start=\"521\" data-end=\"552\"><p data-start=\"523\" data-end=\"552\">Avoir \u00e9tudi\u00e9 la Nouraniyya.<\/p><\/li><li data-start=\"553\" data-end=\"634\"><p data-start=\"555\" data-end=\"634\">Savoir lire l\u2019arabe sans confusion de lettres (lecture semi-fluide accept\u00e9e).<\/p><\/li><\/ul><p data-start=\"636\" data-end=\"653\"><strong data-start=\"636\" data-end=\"651\">PROGRAMME :<\/strong><\/p><ul data-start=\"654\" data-end=\"1048\"><li data-start=\"654\" data-end=\"727\"><p data-start=\"656\" data-end=\"727\">Lecture du Qouran : de <em data-start=\"679\" data-end=\"696\">Sourate An-Nass<\/em> \u00e0 <em data-start=\"699\" data-end=\"711\">Al-Qari\u2019ah<\/em> (au minimum).<\/p><\/li><li data-start=\"728\" data-end=\"919\"><p data-start=\"730\" data-end=\"919\">Tajweed th\u00e9orique : l\u2019Isti\u2018\u0101dha, la Basmallah, les points d\u2019articulation (en g\u00e9n\u00e9ral), les r\u00e8gles du Noun S\u0101kinah et du Tanw\u012bn, du M\u012bm S\u0101kinah, le L\u0101m du Nom d\u2019Allah.<\/p><\/li><li data-start=\"920\" data-end=\"959\"><p data-start=\"922\" data-end=\"959\">Carte d\u2019identit\u00e9 des sourates lues.<\/p><\/li><li data-start=\"960\" data-end=\"1048\"><p data-start=\"962\" data-end=\"1048\">Une s\u00e9ance d\u2019explication et de m\u00e9ditation sur les sourates, de Al-Fatiha et de <em data-start=\"1025\" data-end=\"1034\">An-Nass<\/em> \u00e0 <em data-start=\"1037\" data-end=\"1045\">Sabbi\u1e25<\/em>.<\/p><\/li><\/ul><p><strong>PLANNING :<\/strong>\u00a0<\/p><ul><li><span style=\"text-decoration: underline;\">Dimanche de 7h \u00e0 8h30.<\/span><\/li><li><span style=\"text-decoration: underline;\">Samedi de 9h \u00e0 10h30.<\/span><\/li><li><span style=\"text-decoration: underline;\">Lundi 20h30.<\/span><\/li><li><span style=\"text-decoration: underline;\">Samedi de 10h40 \u00e0 12h10 : M. Haifa<\/span><\/li><\/ul><p><strong>EFFECTIF :\u00a0<\/strong><\/p><ul><li>10 \u00e9l\u00e8ves par classe.<\/li><\/ul><p><strong>TARIF :<\/strong>\u00a0<\/p><ul><li><strong>126\u20ac<\/strong> la session soit <strong>42\u20ac<\/strong> par mois*.<\/li><li><p><em>Des frais de dossier de <strong>10\u20ac<\/strong> sont \u00e0 payer lors de la 1\u00e8re inscription au sein de l\u2019institut (Cochez l\u2019option frais de dossier lors du paiement).<\/em><\/p><\/li><li><p><strong>CODE PROMO<\/strong> : Daroul Qouran remet en place le code promo lorsque plusieurs membres d\u2019une famille s\u2019inscrivent <strong>(Mere+Enfant ou enfant+enfant)<\/strong> : pour en b\u00e9n\u00e9ficier inscrivez le code promo : <strong>FAMILLE<\/strong> lors de la proc\u00e9dure de paiement.<\/p><\/li><\/ul><p>*<em>Possibilit\u00e9 de payer la cotisation en plusieurs fois (Veuillez prendre connaissance des dates de pr\u00e9l\u00e8vement sur le site Hello Asso).<\/em><\/p><p><strong>RE-INSCRIPTION EN SESSION 3 :\u00a0<\/strong><\/p><ul><li><a href=\"https:\/\/www.helloasso.com\/associations\/lumiere-du-savoir\/adhesions\/session-3-classe-de-lecture-femmes\" target=\"_blank\" rel=\"noopener\">Cliquez ici.<\/a><\/li><\/ul><\/div>\n\t\t\t\t\t\t\t\t\t<div class=\"elementor-tab-title elementor-tab-mobile-title\" aria-selected=\"false\" data-tab=\"2\" role=\"tab\" tabindex=\"-1\" aria-controls=\"elementor-tab-content-1402\" aria-expanded=\"false\">Niveau 2<\/div>\n\t\t\t\t\t<div id=\"elementor-tab-content-1402\" class=\"elementor-tab-content elementor-clearfix\" data-tab=\"2\" role=\"tabpanel\" aria-labelledby=\"elementor-tab-title-1402\" tabindex=\"0\" hidden=\"hidden\"><h4 style=\"text-align: center;\">\u00a0<strong data-start=\"1059\" data-end=\"1110\">VERS UNE LECTURE FLUIDE ET MAITRISEE<\/strong><\/h4><p data-start=\"1112\" data-end=\"1129\"><strong data-start=\"1112\" data-end=\"1127\">PRE-REQUIS :<\/strong><\/p><ul data-start=\"1130\" data-end=\"1229\"><li data-start=\"1130\" data-end=\"1159\"><p data-start=\"1132\" data-end=\"1159\">Avoir valid\u00e9 le Niveau 1.<\/p><\/li><li data-start=\"1160\" data-end=\"1229\"><p data-start=\"1162\" data-end=\"1229\">Lecture fluide (prononciation des lettres corrig\u00e9e et ma\u00eetris\u00e9e).<\/p><\/li><\/ul><p data-start=\"1231\" data-end=\"1248\"><strong data-start=\"1231\" data-end=\"1246\">PROGRAMME :<\/strong><\/p><ul data-start=\"1249\" data-end=\"1638\"><li data-start=\"1249\" data-end=\"1321\"><p data-start=\"1251\" data-end=\"1321\">Lecture du Qouran : de <em data-start=\"1274\" data-end=\"1294\">Sourate Al-\u2018\u0100diy\u0101t<\/em> \u00e0 <em data-start=\"1297\" data-end=\"1305\">Sabbi\u1e25<\/em> (au minimum).<\/p><\/li><li data-start=\"1322\" data-end=\"1453\"><p data-start=\"1324\" data-end=\"1453\">Tajweed th\u00e9orique : les points d\u2019articulation (en d\u00e9tail), les caract\u00e9ristiques des lettres, et les r\u00e8gles de la lettre \u00ab R\u0101 \u00bb.<\/p><\/li><li data-start=\"1454\" data-end=\"1493\"><p data-start=\"1456\" data-end=\"1493\">Carte d\u2019identit\u00e9 des sourates lues.<\/p><\/li><li data-start=\"1494\" data-end=\"1582\"><p data-start=\"1496\" data-end=\"1582\">Une s\u00e9ance d\u2019explication et de m\u00e9ditation sur les sourates, de Al-Fatiha et de <em data-start=\"1559\" data-end=\"1568\">An-Nass<\/em> \u00e0 <em data-start=\"1571\" data-end=\"1579\">Sabbi\u1e25<\/em>.<\/p><\/li><li data-start=\"1583\" data-end=\"1638\"><p data-start=\"1585\" data-end=\"1638\">M\u00e9morisation : de <em data-start=\"1603\" data-end=\"1620\">Sourate An-Nass<\/em> \u00e0 <em data-start=\"1623\" data-end=\"1635\">Al-Qari\u2019ah<\/em>.<\/p><\/li><\/ul><p><strong>PLANNING :<\/strong><\/p><ul><li><span style=\"text-decoration: underline;\">Mardi de 14h \u00e0 15h30.<\/span><\/li><li><span style=\"text-decoration: underline;\">Mardi de 20h15 \u00e0 21h45.<\/span><\/li><\/ul><p><strong>EFFECTIF :\u00a0<\/strong><\/p><ul><li>10 \u00e9l\u00e8ves par classe<\/li><\/ul><p><strong>TARIF :\u00a0<\/strong><\/p><ul><li><strong>126\u20ac<\/strong> la session soit <strong>42\u20ac<\/strong> par mois*.<\/li><li><em>Des frais de dossier de <strong>10\u20ac<\/strong> sont \u00e0 payer lors de la 1\u00e8re inscription au sein de l\u2019institut (Cochez l\u2019option frais de dossier lors du paiement).<\/em><\/li><li><strong>CODE PROMO<\/strong> : Daroul Qouran remet en place le code promo lorsque plusieurs membres d\u2019une famille s\u2019inscrivent <strong>(Mere+Enfant ou enfant+enfant)<\/strong> : pour en b\u00e9n\u00e9ficier inscrivez le code promo : <strong>FAMILLE<\/strong> lors de la proc\u00e9dure de paiement.<\/li><\/ul><p>*<em>Possibilit\u00e9 de payer la cotisation en plusieurs fois. (Veuillez prendre connaissance des dates de pr\u00e9l\u00e8vement sur le site Hello Asso).<\/em><\/p><p><strong>RE-INSCRIPTION EN SESSION 3 :\u00a0<\/strong><\/p><ul><li><a href=\"https:\/\/www.helloasso.com\/associations\/lumiere-du-savoir\/adhesions\/session-3-classe-de-lecture-femmes\" target=\"_blank\" rel=\"noopener\">Cliquez ici.<\/a><\/li><\/ul><\/div>\n\t\t\t\t\t\t\t\t\t<div class=\"elementor-tab-title elementor-tab-mobile-title\" aria-selected=\"false\" data-tab=\"3\" role=\"tab\" tabindex=\"-1\" aria-controls=\"elementor-tab-content-1403\" aria-expanded=\"false\">Niveau 3<\/div>\n\t\t\t\t\t<div id=\"elementor-tab-content-1403\" class=\"elementor-tab-content elementor-clearfix\" data-tab=\"3\" role=\"tabpanel\" aria-labelledby=\"elementor-tab-title-1403\" tabindex=\"0\" hidden=\"hidden\"><h4 style=\"text-align: center;\"><strong data-start=\"1649\" data-end=\"1691\">PERFECTION ET CONSOLIDATION<\/strong><\/h4><p data-start=\"1693\" data-end=\"1710\"><strong data-start=\"1693\" data-end=\"1708\">PRE-REQUIS :<\/strong><\/p><ul data-start=\"1711\" data-end=\"1800\"><li>Avoir valid\u00e9 le Niveau 2.<\/li><li data-start=\"1711\" data-end=\"1800\"><p data-start=\"1713\" data-end=\"1800\">Lecture fluide et ma\u00eetris\u00e9e (prononciation des lettres et de leurs caract\u00e9ristiques).<\/p><\/li><\/ul><p data-start=\"1802\" data-end=\"1819\"><strong data-start=\"1802\" data-end=\"1817\">PROGRAMME :<\/strong><\/p><ul data-start=\"1820\" data-end=\"2146\"><li data-start=\"1820\" data-end=\"1887\"><p data-start=\"1822\" data-end=\"1887\">Lecture du Qouran : de <em data-start=\"1845\" data-end=\"1861\">Sourate Sabbi\u1e25<\/em> \u00e0 <em data-start=\"1864\" data-end=\"1871\">\u2018Amma<\/em> (au minimum).<\/p><\/li><li data-start=\"1888\" data-end=\"1962\"><p data-start=\"1890\" data-end=\"1962\">Tajweed th\u00e9orique : les r\u00e8gles du <em data-start=\"1924\" data-end=\"1930\">Madd<\/em>, de l\u2019<em data-start=\"1937\" data-end=\"1945\">Idgh\u0101m<\/em> et des arr\u00eats.<\/p><\/li><li data-start=\"1963\" data-end=\"2002\"><p data-start=\"1965\" data-end=\"2002\">Carte d\u2019identit\u00e9 des sourates lues.<\/p><\/li><li data-start=\"2003\" data-end=\"2091\"><p data-start=\"2005\" data-end=\"2091\">Une s\u00e9ance d\u2019explication et de m\u00e9ditation sur les sourates, de Al-Fatiha et de <em data-start=\"2068\" data-end=\"2077\">An-Nass<\/em> \u00e0 <em data-start=\"2080\" data-end=\"2088\">Sabbi\u1e25<\/em>.<\/p><\/li><li data-start=\"2092\" data-end=\"2146\"><p data-start=\"2094\" data-end=\"2146\">M\u00e9morisation : de <em data-start=\"2112\" data-end=\"2132\">Sourate Al-Qari\u2019ah<\/em> \u00e0 <em data-start=\"2135\" data-end=\"2143\">Sabbi\u1e25<\/em>.<\/p><\/li><\/ul><p><strong>PLANNING :\u00a0<\/strong><\/p><ul><li><span style=\"text-decoration: underline;\">Jeudi de 14h \u00e0 15h30.<\/span><\/li><li><span style=\"text-decoration: underline;\">Jeudi de 20h15 \u00e0 21h45.<\/span><\/li><\/ul><p><strong>EFFECTIF:<\/strong>\u00a0<\/p><ul><li>10 \u00e9l\u00e8ves par classe<\/li><\/ul><p><strong>TARIF :\u00a0<\/strong><\/p><ul><li><strong>126\u20ac<\/strong> la session soit <strong>42\u20ac<\/strong> par mois*.<\/li><li><p><em>Des frais de dossier de <strong>10\u20ac<\/strong> sont \u00e0 payer lors de la 1\u00e8re inscription au sein de l\u2019institut (Cochez l\u2019option frais de dossier lors du paiement).<\/em><\/p><\/li><li><p><strong>CODE PROMO<\/strong> : Daroul Qouran remet en place le code promo lorsque plusieurs membres d\u2019une famille s\u2019inscrivent <strong>(Mere+Enfant ou enfant+enfant)<\/strong> : pour en b\u00e9n\u00e9ficier inscrivez le code promo : <strong>FAMILLE<\/strong> lors de la proc\u00e9dure de paiement.<\/p><\/li><\/ul><p>*<em>Possibilit\u00e9 de payer la cotisation en plusieurs fois.(Veuillez prendre connaissance des dates de pr\u00e9l\u00e8vement sur le site Hello Asso).<\/em><\/p><p><strong>RE-INSCRIPTION EN SESSION 3 :\u00a0<\/strong><\/p><ul><li><a href=\"https:\/\/www.helloasso.com\/associations\/lumiere-du-savoir\/adhesions\/session-3-classe-de-lecture-femmes\" target=\"_blank\" rel=\"noopener\">Cliquez ici.<\/a><\/li><\/ul><\/div>\n\t\t\t\t\t\t\t<\/div>\n\t\t<\/div>\n\t\t\t\t\t\t<\/div>\n\t\t\t\t<\/div>\n\t\t\t\t\t<\/div>\n\t\t<\/div>\n\t\t\t\t\t<\/div>\n\t\t<\/section>\n\t\t\t\t<\/div>\n\t\t","protected":false},"excerpt":{"rendered":"<p>PRESENTATION \u00c0 travers trois niveaux progressifs, la Classe de lecture accompagne chaque \u00e9tudiante pour perfectionner sa lecture du Qouran gr\u00e2ce \u00e0 : L\u2019\u00e9tude th\u00e9orique et pratique des r\u00e8gles de tajweed, La correction et l\u2019am\u00e9lioration de la prononciation, L\u2019approfondissement des connaissances avec l\u2019\u00e9tude des sourates lues et une s\u00e9ance d\u2019explication et de m\u00e9ditation de la Parole [&hellip;]<\/p>\n","protected":false},"author":1,"featured_media":0,"parent":0,"menu_order":0,"comment_status":"closed","ping_status":"closed","template":"menu","meta":{"footnotes":""},"class_list":["post-2835","page","type-page","status-publish","hentry"],"_links":{"self":[{"href":"https:\/\/daroulqouran.fr\/index.php\/wp-json\/wp\/v2\/pages\/2835","targetHints":{"allow":["GET"]}}],"collection":[{"href":"https:\/\/daroulqouran.fr\/index.php\/wp-json\/wp\/v2\/pages"}],"about":[{"href":"https:\/\/daroulqouran.fr\/index.php\/wp-json\/wp\/v2\/types\/page"}],"author":[{"embeddable":true,"href":"https:\/\/daroulqouran.fr\/index.php\/wp-json\/wp\/v2\/users\/1"}],"replies":[{"embeddable":true,"href":"https:\/\/daroulqouran.fr\/index.php\/wp-json\/wp\/v2\/comments?post=2835"}],"version-history":[{"count":106,"href":"https:\/\/daroulqouran.fr\/index.php\/wp-json\/wp\/v2\/pages\/2835\/revisions"}],"predecessor-version":[{"id":3953,"href":"https:\/\/daroulqouran.fr\/index.php\/wp-json\/wp\/v2\/pages\/2835\/revisions\/3953"}],"wp:attachment":[{"href":"https:\/\/daroulqouran.fr\/index.php\/wp-json\/wp\/v2\/media?parent=2835"}],"curies":[{"name":"wp","href":"https:\/\/api.w.org\/{rel}","templated":true}]}}