{"id":3025,"date":"2025-07-27T00:23:03","date_gmt":"2025-07-26T22:23:03","guid":{"rendered":"https:\/\/daroulqouran.fr\/?page_id=3025"},"modified":"2026-03-14T17:54:16","modified_gmt":"2026-03-14T16:54:16","slug":"memorisation-enfants","status":"publish","type":"page","link":"https:\/\/daroulqouran.fr\/index.php\/memorisation-enfants\/","title":{"rendered":"MEMORISATION &#8211; ENFANTS"},"content":{"rendered":"\t\t<div data-elementor-type=\"wp-page\" data-elementor-id=\"3025\" class=\"elementor elementor-3025\">\n\t\t\t\t\t\t<section class=\"elementor-section elementor-top-section elementor-element elementor-element-73c197f elementor-section-boxed elementor-section-height-default elementor-section-height-default\" data-id=\"73c197f\" data-element_type=\"section\">\n\t\t\t\t\t\t<div class=\"elementor-container elementor-column-gap-default\">\n\t\t\t\t\t<div class=\"elementor-column elementor-col-100 elementor-top-column elementor-element elementor-element-a7b260c\" data-id=\"a7b260c\" data-element_type=\"column\">\n\t\t\t<div class=\"elementor-widget-wrap elementor-element-populated\">\n\t\t\t\t\t\t<div class=\"elementor-element elementor-element-3b9476a elementor-widget elementor-widget-heading\" data-id=\"3b9476a\" data-element_type=\"widget\" data-widget_type=\"heading.default\">\n\t\t\t\t<div class=\"elementor-widget-container\">\n\t\t\t\t\t<h2 class=\"elementor-heading-title elementor-size-default\">La m\u00e9morisation du Qouran \u2013 Un tr\u00e9sor pour nos enfants<\/h2>\t\t\t\t<\/div>\n\t\t\t\t<\/div>\n\t\t\t\t\t<\/div>\n\t\t<\/div>\n\t\t\t\t\t<\/div>\n\t\t<\/section>\n\t\t\t\t<section class=\"elementor-section elementor-top-section elementor-element elementor-element-1147f8b elementor-section-boxed elementor-section-height-default elementor-section-height-default\" data-id=\"1147f8b\" data-element_type=\"section\">\n\t\t\t\t\t\t<div class=\"elementor-container elementor-column-gap-default\">\n\t\t\t\t\t<div class=\"elementor-column elementor-col-100 elementor-top-column elementor-element elementor-element-f33269e\" data-id=\"f33269e\" data-element_type=\"column\">\n\t\t\t<div class=\"elementor-widget-wrap elementor-element-populated\">\n\t\t\t\t\t\t<div class=\"elementor-element elementor-element-871f0b7 elementor-widget elementor-widget-text-editor\" data-id=\"871f0b7\" data-element_type=\"widget\" data-widget_type=\"text-editor.default\">\n\t\t\t\t<div class=\"elementor-widget-container\">\n\t\t\t\t\t\t\t\t\t<p data-start=\"71\" data-end=\"131\">\u00a0Notre bien-aim\u00e9 Proph\u00e8te Mouhammad \ufdfa a dit :<\/p><p data-start=\"71\" data-end=\"131\"><br data-start=\"177\" data-end=\"180\" \/>\u00ab Celui qui ne retient dans son c\u0153ur aucune lettre du Qouran est comparable \u00e0 une maison en ruine. \u00bb<br data-start=\"280\" data-end=\"283\" \/>(Rapport\u00e9 par At-Tirmidhi)<\/p><p data-start=\"313\" data-end=\"588\">\u00c0 travers ce hadith, le Proph\u00e8te \ufdfa nous encourage \u00e0 faire entrer la parole d\u2019Allah dans nos c\u0153urs d\u00e8s le plus jeune \u00e2ge.<\/p><p data-start=\"313\" data-end=\"588\">Apprendre et r\u00e9p\u00e9ter les sourates aide les enfants \u00e0 aimer le Qouran, \u00e0 l\u2019int\u00e9grer dans leur quotidien et \u00e0 grandir avec cette lumi\u00e8re dans leurs c\u0153urs.<\/p><p data-start=\"590\" data-end=\"710\">\u00c0 l\u2019Institut Daroul Qouran, nous proposons plusieurs programmes sp\u00e9cialement con\u00e7us pour les enfants et adolescentes :<\/p><ul data-start=\"712\" data-end=\"1062\"><li data-start=\"712\" data-end=\"817\"><p data-start=\"714\" data-end=\"817\"><strong data-start=\"714\" data-end=\"752\">M\u00e9morisation pour nos adolescentes<\/strong> \u2013 un accompagnement adapt\u00e9 \u00e0 leur rythme et \u00e0 leurs capacit\u00e9s.<\/p><\/li><li data-start=\"818\" data-end=\"941\"><p data-start=\"820\" data-end=\"941\"><strong data-start=\"820\" data-end=\"873\">Nouveau : M\u00e9morisation en groupe pour les enfants<\/strong> \u2013 pour progresser ensemble dans la bonne humeur et la motivation.<\/p><\/li><li data-start=\"942\" data-end=\"1062\"><p data-start=\"944\" data-end=\"1062\"><strong data-start=\"944\" data-end=\"986\">M\u00e9morisation des sourates du quotidien<\/strong> \u2013 pour ancrer les bases utiles au quotidien (pri\u00e8res, invocations, etc.).<\/p><\/li><\/ul><p data-start=\"1064\" data-end=\"1218\">Chaque enfant et adolescente trouve un programme qui correspond \u00e0 son \u00e2ge, son niveau et son rythme, afin d\u2019avancer sereinement sur le chemin du Qouran.<\/p><p data-start=\"1220\" data-end=\"1298\">\u2192 <strong data-start=\"1222\" data-end=\"1296\">D\u00e9couvrez les programmes de m\u00e9morisation pour enfants et adolescentes.<\/strong><\/p>\t\t\t\t\t\t\t\t<\/div>\n\t\t\t\t<\/div>\n\t\t\t\t\t<\/div>\n\t\t<\/div>\n\t\t\t\t\t<\/div>\n\t\t<\/section>\n\t\t\t\t<section class=\"elementor-section elementor-top-section elementor-element elementor-element-06aa479 elementor-section-boxed elementor-section-height-default elementor-section-height-default\" data-id=\"06aa479\" data-element_type=\"section\">\n\t\t\t\t\t\t<div class=\"elementor-container elementor-column-gap-default\">\n\t\t\t\t\t<div class=\"elementor-column elementor-col-100 elementor-top-column elementor-element elementor-element-93701e9\" data-id=\"93701e9\" data-element_type=\"column\">\n\t\t\t<div class=\"elementor-widget-wrap elementor-element-populated\">\n\t\t\t\t\t\t<div class=\"elementor-element elementor-element-842595a elementor-tabs-view-horizontal elementor-widget elementor-widget-tabs\" data-id=\"842595a\" data-element_type=\"widget\" data-widget_type=\"tabs.default\">\n\t\t\t\t<div class=\"elementor-widget-container\">\n\t\t\t\t\t\t\t<div class=\"elementor-tabs\">\n\t\t\t<div class=\"elementor-tabs-wrapper\" role=\"tablist\" >\n\t\t\t\t\t\t\t\t\t<div id=\"elementor-tab-title-1381\" class=\"elementor-tab-title elementor-tab-desktop-title\" aria-selected=\"true\" data-tab=\"1\" role=\"tab\" tabindex=\"0\" aria-controls=\"elementor-tab-content-1381\" aria-expanded=\"false\">MEMO POUR NOS ADOS<\/div>\n\t\t\t\t\t\t\t\t\t<div id=\"elementor-tab-title-1382\" class=\"elementor-tab-title elementor-tab-desktop-title\" aria-selected=\"false\" data-tab=\"2\" role=\"tab\" tabindex=\"-1\" aria-controls=\"elementor-tab-content-1382\" aria-expanded=\"false\">MEMO EN GROUPE - TALQIIN<\/div>\n\t\t\t\t\t\t\t<\/div>\n\t\t\t<div class=\"elementor-tabs-content-wrapper\" role=\"tablist\" aria-orientation=\"vertical\">\n\t\t\t\t\t\t\t\t\t<div class=\"elementor-tab-title elementor-tab-mobile-title\" aria-selected=\"true\" data-tab=\"1\" role=\"tab\" tabindex=\"0\" aria-controls=\"elementor-tab-content-1381\" aria-expanded=\"false\">MEMO POUR NOS ADOS<\/div>\n\t\t\t\t\t<div id=\"elementor-tab-content-1381\" class=\"elementor-tab-content elementor-clearfix\" data-tab=\"1\" role=\"tabpanel\" aria-labelledby=\"elementor-tab-title-1381\" tabindex=\"0\" hidden=\"false\"><p>L\u2019objectif de ces classes est d\u2019aider nos jeunes filles \u00e0 apprendre et r\u00e9viser le Qouran de mani\u00e8re structur\u00e9e, tout en d\u00e9veloppant leur attachement \u00e0 la Parole d\u2019Allah.<\/p><p>Elles y perfectionnent leur lecture gr\u00e2ce \u00e0 l\u2019\u00e9tude des r\u00e8gles du tajwid, am\u00e9liorent leur prononciation, et acqui\u00e8rent une m\u00e9thode efficace pour progresser dans la m\u00e9morisation et la r\u00e9vision, \u00e9tape par \u00e9tape.<\/p><p><strong>PRE-REQUIS<\/strong><\/p><ul><li>Avoir une lecture fluide (savoir lire l&rsquo;arabe, avoir \u00e9tudi\u00e9 et corrig\u00e9 sa prononciation des lettres).<\/li><li>Faire preuve de <strong data-start=\"1454\" data-end=\"1483\">motivation et d\u2019assiduit\u00e9<\/strong>.<\/li><\/ul><p><strong>PROGRAMME<\/strong><\/p><ul><li>R\u00e9citation des parties m\u00e9moris\u00e9es.<\/li><li>R\u00e9vision.<\/li><li>Cours collectif de correction de la lecture.<\/li><li>Etude th\u00e9orique de chapitres de tajweed.<\/li><li>Rappels autour du Qouran.<\/li><\/ul><p><strong>EFFECTIF<\/strong><\/p><ul><li>5 filles de 12 \u00e0 16 ans.<\/li><\/ul><p><strong>TARIF<\/strong><\/p><ul><li><strong>96\u20ac<\/strong> la session soit <strong>32\u20ac<\/strong> par mois*.<\/li><li><em><u>Des frais de dossier de 10\u20ac<\/u> sont \u00e0 payer lors de la 1\u00e8re inscription au sein de l\u2019institut (Cochez l&rsquo;option frais de dossier lors du paiement).<\/em><\/li><li><strong>CODE PROMO<\/strong> : Daroul Qouran remet en place le code promo lorsque plusieurs membres d\u2019une famille s\u2019inscrivent <strong>(Mere+Enfant ou enfant+enfant)<\/strong> : pour en b\u00e9n\u00e9ficier inscrivez le code promo : <strong>FAMILLE<\/strong> lors de la proc\u00e9dure de paiement.<\/li><\/ul><p><em>*Possibilit\u00e9 de payer la cotisation en plusieurs fois (Veuillez prendre connaissance des dates de pr\u00e9l\u00e8vement sur le site Hello Asso).<\/em><\/p><p><strong>RE-INSCRIPTION EN SESSION 3 :<\/strong><\/p><ul><li><a href=\"https:\/\/www.helloasso.com\/associations\/lumiere-du-savoir\/adhesions\/session-3-memo-ados-2\" target=\"_blank\" rel=\"noopener\">Cliquez ici.<\/a><\/li><\/ul><\/div>\n\t\t\t\t\t\t\t\t\t<div class=\"elementor-tab-title elementor-tab-mobile-title\" aria-selected=\"false\" data-tab=\"2\" role=\"tab\" tabindex=\"-1\" aria-controls=\"elementor-tab-content-1382\" aria-expanded=\"false\">MEMO EN GROUPE - TALQIIN<\/div>\n\t\t\t\t\t<div id=\"elementor-tab-content-1382\" class=\"elementor-tab-content elementor-clearfix\" data-tab=\"2\" role=\"tabpanel\" aria-labelledby=\"elementor-tab-title-1382\" tabindex=\"0\" hidden=\"hidden\"><h3 style=\"text-align: center;\" data-start=\"118\" data-end=\"184\">Progresser ensemble avec motivation<\/h3><p data-start=\"186\" data-end=\"479\">Cette classe a \u00e9t\u00e9 cr\u00e9\u00e9e pour permettre aux enfants de commencer leur apprentissage du Qouran t\u00f4t, tout en \u00e9voluant dans un cadre motivant et structur\u00e9.<\/p><p data-start=\"186\" data-end=\"479\">Le travail en petit groupe aide les \u00e9l\u00e8ves \u00e0 rester r\u00e9guliers et \u00e0 progresser ensemble, tout en d\u00e9veloppant discipline et amour du Qouran.<\/p><p data-start=\"481\" data-end=\"519\">Les s\u00e9ances s\u2019articulent autour de :<\/p><ul data-start=\"520\" data-end=\"810\"><li data-start=\"520\" data-end=\"628\"><p data-start=\"522\" data-end=\"628\"><strong data-start=\"522\" data-end=\"563\">L\u2019apprentissage collectif des versets<\/strong> (\u00e9coute, r\u00e9p\u00e9tition et m\u00e9morisation guid\u00e9e par l\u2019enseignante).<\/p><\/li><li data-start=\"629\" data-end=\"714\"><p data-start=\"631\" data-end=\"714\"><strong data-start=\"631\" data-end=\"657\">Des r\u00e9visions communes<\/strong> pour consolider la m\u00e9morisation semaine apr\u00e8s semaine.<\/p><\/li><li data-start=\"715\" data-end=\"810\"><p data-start=\"717\" data-end=\"810\"><strong data-start=\"717\" data-end=\"756\">Des encouragements et d\u00e9fis adapt\u00e9s<\/strong> pour renforcer leur motivation et leur implication.<\/p><\/li><\/ul><p data-start=\"812\" data-end=\"1079\"><strong data-start=\"812\" data-end=\"825\">Important<\/strong> : ce cursus est <strong data-start=\"842\" data-end=\"880\">uniquement d\u00e9di\u00e9 \u00e0 la m\u00e9morisation<\/strong>.<br data-start=\"881\" data-end=\"884\" \/>Il <strong data-start=\"887\" data-end=\"954\">ne comprend pas de cours de tajweed ni de correction de lecture<\/strong> : les enfants qui ont besoin de travailler leur lecture doivent int\u00e9grer les <strong data-start=\"1032\" data-end=\"1054\">classes de lecture<\/strong> avant ou en parall\u00e8le.<\/p><p data-start=\"1086\" data-end=\"1129\"><strong>PRE-REQUIS :<\/strong>\u00a0<\/p><p data-start=\"1130\" data-end=\"1243\">Afin de garantir un apprentissage fluide et adapt\u00e9, un <strong data-start=\"1185\" data-end=\"1206\">test d\u2019\u00e9valuation<\/strong> est obligatoire.<\/p><p data-start=\"1130\" data-end=\"1243\"><br data-start=\"1223\" data-end=\"1226\" \/>L\u2019enfant doit :<\/p><ul data-start=\"1244\" data-end=\"1486\"><li data-start=\"1244\" data-end=\"1296\"><p data-start=\"1246\" data-end=\"1296\">Avoir <strong data-start=\"1252\" data-end=\"1293\">\u00e9tudi\u00e9 l\u2019int\u00e9gralit\u00e9 de la nouraaniya, ou<\/strong><\/p><\/li><li data-start=\"1297\" data-end=\"1370\"><p data-start=\"1299\" data-end=\"1370\">Avoir une <strong data-start=\"1309\" data-end=\"1339\">lecture fluide et correcte<\/strong>, sans confusion des lettres.<\/p><\/li><li data-start=\"1371\" data-end=\"1435\"><p data-start=\"1373\" data-end=\"1435\">\u00catre <strong data-start=\"1378\" data-end=\"1432\">capable d\u2019apprendre une certaine quantit\u00e9 par semaine<\/strong>.<\/p><\/li><li data-start=\"1436\" data-end=\"1486\"><p data-start=\"1438\" data-end=\"1486\">Faire preuve de <strong data-start=\"1454\" data-end=\"1483\">motivation et d\u2019assiduit\u00e9<\/strong>.<\/p><\/li><\/ul><p><strong>PROGRAMME<\/strong><\/p><ul><li>Pr\u00e9paration collective des parties \u00e0 m\u00e9moriser.<\/li><li>R\u00e9citation et r\u00e9vision des parties m\u00e9moris\u00e9es.<\/li><\/ul><p><strong>EFFECTIF<\/strong><\/p><ul><li>5 personnes.<\/li><\/ul><p><strong>JOUR ET HEURE DU COURS :<\/strong><\/p><ul><li>Groupe 7-9 ans : Mercredi et dimanche de 11h30 \u00e0 12h10.<\/li><\/ul><p><strong>TARIF<\/strong><\/p><ul><li><strong>96\u20ac*<\/strong> la session soit <strong>32\u20ac<\/strong> par mois.<\/li><li><em>Des frais de dossier de 10\u20ac sont \u00e0 payer lors de la 1\u00e8re inscription au sein de l\u2019institut (Cochez l\u2019option frais de dossier lors du paiement).<\/em><\/li><li><strong>CODE PROMO<\/strong>\u00a0: Daroul Qouran remet en place le code promo lorsque plusieurs membres d\u2019une famille s\u2019inscrivent\u00a0<strong>(Mere+Enfant ou enfant+enfant)<\/strong>\u00a0: pour en b\u00e9n\u00e9ficier inscrivez le code promo :\u00a0<strong>FAMILLE<\/strong>\u00a0lors de la proc\u00e9dure de paiement.<\/li><\/ul><p>*<em>Possibilit\u00e9 de payer la cotisation en plusieurs fois (Veuillez prendre connaissance des dates de pr\u00e9l\u00e8vement sur le site Hello Asso).<\/em><\/p><p><strong>RE-INSCRIPTION EN SESSION 3 :<\/strong><\/p><ul><li><a href=\"https:\/\/www.helloasso.com\/associations\/lumiere-du-savoir\/adhesions\/session3-memo-groupe-talqin-7-9-ans-mer-dim-11h30\" target=\"_blank\" rel=\"noopener\">Cliquez ici.<\/a><\/li><\/ul><\/div>\n\t\t\t\t\t\t\t<\/div>\n\t\t<\/div>\n\t\t\t\t\t\t<\/div>\n\t\t\t\t<\/div>\n\t\t\t\t\t<\/div>\n\t\t<\/div>\n\t\t\t\t\t<\/div>\n\t\t<\/section>\n\t\t\t\t<\/div>\n\t\t","protected":false},"excerpt":{"rendered":"<p>La m\u00e9morisation du Qouran \u2013 Un tr\u00e9sor pour nos enfants \u00a0Notre bien-aim\u00e9 Proph\u00e8te Mouhammad \ufdfa a dit : \u00ab Celui qui ne retient dans son c\u0153ur aucune lettre du Qouran est comparable \u00e0 une maison en ruine. \u00bb(Rapport\u00e9 par At-Tirmidhi) \u00c0 travers ce hadith, le Proph\u00e8te \ufdfa nous encourage \u00e0 faire entrer la parole d\u2019Allah [&hellip;]<\/p>\n","protected":false},"author":1,"featured_media":0,"parent":0,"menu_order":0,"comment_status":"closed","ping_status":"closed","template":"menu","meta":{"footnotes":""},"class_list":["post-3025","page","type-page","status-publish","hentry"],"_links":{"self":[{"href":"https:\/\/daroulqouran.fr\/index.php\/wp-json\/wp\/v2\/pages\/3025","targetHints":{"allow":["GET"]}}],"collection":[{"href":"https:\/\/daroulqouran.fr\/index.php\/wp-json\/wp\/v2\/pages"}],"about":[{"href":"https:\/\/daroulqouran.fr\/index.php\/wp-json\/wp\/v2\/types\/page"}],"author":[{"embeddable":true,"href":"https:\/\/daroulqouran.fr\/index.php\/wp-json\/wp\/v2\/users\/1"}],"replies":[{"embeddable":true,"href":"https:\/\/daroulqouran.fr\/index.php\/wp-json\/wp\/v2\/comments?post=3025"}],"version-history":[{"count":52,"href":"https:\/\/daroulqouran.fr\/index.php\/wp-json\/wp\/v2\/pages\/3025\/revisions"}],"predecessor-version":[{"id":3969,"href":"https:\/\/daroulqouran.fr\/index.php\/wp-json\/wp\/v2\/pages\/3025\/revisions\/3969"}],"wp:attachment":[{"href":"https:\/\/daroulqouran.fr\/index.php\/wp-json\/wp\/v2\/media?parent=3025"}],"curies":[{"name":"wp","href":"https:\/\/api.w.org\/{rel}","templated":true}]}}