{"id":3073,"date":"2025-07-27T01:42:09","date_gmt":"2025-07-26T23:42:09","guid":{"rendered":"https:\/\/daroulqouran.fr\/?page_id=3073"},"modified":"2026-03-14T17:33:34","modified_gmt":"2026-03-14T16:33:34","slug":"al-jazariya","status":"publish","type":"page","link":"https:\/\/daroulqouran.fr\/index.php\/al-jazariya\/","title":{"rendered":"AL-JAZARIYA"},"content":{"rendered":"\t\t<div data-elementor-type=\"wp-page\" data-elementor-id=\"3073\" class=\"elementor elementor-3073\">\n\t\t\t\t\t\t<section class=\"elementor-section elementor-top-section elementor-element elementor-element-e203d2c elementor-section-boxed elementor-section-height-default elementor-section-height-default\" data-id=\"e203d2c\" data-element_type=\"section\">\n\t\t\t\t\t\t<div class=\"elementor-container elementor-column-gap-default\">\n\t\t\t\t\t<div class=\"elementor-column elementor-col-100 elementor-top-column elementor-element elementor-element-183cfcb\" data-id=\"183cfcb\" data-element_type=\"column\">\n\t\t\t<div class=\"elementor-widget-wrap elementor-element-populated\">\n\t\t\t\t\t\t<div class=\"elementor-element elementor-element-bd74b0c elementor-widget elementor-widget-heading\" data-id=\"bd74b0c\" data-element_type=\"widget\" data-widget_type=\"heading.default\">\n\t\t\t\t<div class=\"elementor-widget-container\">\n\t\t\t\t\t<h2 class=\"elementor-heading-title elementor-size-default\">\u0642\u064a\u0644 : \u0645\u0646 \u062d\u0641\u0638 \u0627\u0644\u0645\u062a\u0648\u0646 \u062d\u0627\u0632 \u0627\u0644\u0641\u0646\u0648\u0646<\/h2>\t\t\t\t<\/div>\n\t\t\t\t<\/div>\n\t\t\t\t<div class=\"elementor-element elementor-element-5f6beb7 elementor-widget elementor-widget-text-editor\" data-id=\"5f6beb7\" data-element_type=\"widget\" data-widget_type=\"text-editor.default\">\n\t\t\t\t<div class=\"elementor-widget-container\">\n\t\t\t\t\t\t\t\t\t<p>La po\u00e9sie a toujours fait partie du langage des arabes et constitue une richesse de cette langue.<\/p><p>Les savants ont utilis\u00e9 cette richesse et l\u2019ont mise au service du Qouran en consignant les sciences qui s\u2019y rattachent sous forme de po\u00e8mes, et ce, afin de faciliter l\u2019apprentissage, la r\u00e9vision et la ma\u00eetrise de ces savoirs.<\/p><p>Et parmi les po\u00e8mes de tajwid c\u00e9l\u00e8bres, nous avons la \u00ab\u00a0Jazariya\u00a0\u00bb.<\/p><p>\u00ab\u00a0Al Jazariya\u00a0\u00bb : po\u00e8me \u00e9crit par l\u2019imam Mouhammad Ibn Al Jazary, le grand \u00e9rudit et la r\u00e9f\u00e9rence incontest\u00e9e dans la science du tajwid et des lectures.<\/p><p>Nomm\u00e9 \u00ab\u00a0Al mouqaddima\u00a0\u00bb, ce po\u00e8me est plus connu sous le nom d\u2019al jazariya et rassemble les principales r\u00e8gles de tajwid sous forme de vers simples et faciles \u00e0 m\u00e9moriser.<\/p><p>Ce po\u00e8me est incontournable et indispensable \u00e0 toute personne \u00e9tudiant les r\u00e8gles de r\u00e9citation du Qouran.<\/p><p>L\u2019apprentissage et l\u2019explication des vers seront dispens\u00e9s dans ce cursus.<\/p><p>De plus, l\u2019apprenante qui terminera l\u2019apprentissage complet de ce po\u00e8me pourra se voir d\u00e9livrer une ijaza (cha\u00eene de transmission remontant jusqu\u2019\u00e0 l\u2019auteur).<\/p><p><strong>PROGRAMME :<\/strong><\/p><ul><li>Apprentissage de 5 vers par semaine.<\/li><li>Explication du po\u00e8me (livre de Ch. Farid Ouyalize).<\/li><\/ul><p><strong>EFFECTIF :\u00a0<\/strong><\/p><ul><li>12 \u00e9l\u00e8ves.<\/li><\/ul><p><strong>JOUR ET HEURE DU COURS :\u00a0<\/strong><\/p><ul><li>Dimanche de 21h \u00e0 22h20<em>.<\/em><\/li><\/ul><p><strong>TARIF :\u00a0<\/strong><\/p><ul><li><strong>111\u20ac<\/strong> la session soit <strong>37\u20ac<\/strong> par mois*.<\/li><li><em>Des frais de dossier de <strong>10\u20ac<\/strong> sont \u00e0 payer lors de la 1\u00e8re inscription au sein de l\u2019institut (Cochez l\u2019option frais de dossier lors du paiement).<\/em><\/li><li><strong>CODE PROMO<\/strong> : Daroul Qouran remet en place le code promo lorsque plusieurs membres d\u2019une famille s\u2019inscrivent <strong>(Mere+Enfant ou enfant+enfant)<\/strong> : pour en b\u00e9n\u00e9ficier inscrivez le code promo : <strong>FAMILLE<\/strong> lors de la proc\u00e9dure de paiement.<\/li><\/ul><p><em>*Possibilit\u00e9 de payer la cotisation en plusieurs fois (Veuillez prendre connaissance des dates de pr\u00e9l\u00e8vement sur le site Hello Asso).<\/em><\/p><p><strong>RE-INSCRIPTION EN SESSION 3 :\u00a0<\/strong><\/p><ul><li><a href=\"https:\/\/www.helloasso.com\/associations\/lumiere-du-savoir\/adhesions\/session3-etude-de-la-jazariya\" target=\"_blank\" rel=\"noopener\"><span style=\"text-decoration: underline;\">Cliquez ici.<\/span><\/a><\/li><\/ul>\t\t\t\t\t\t\t\t<\/div>\n\t\t\t\t<\/div>\n\t\t\t\t\t<\/div>\n\t\t<\/div>\n\t\t\t\t\t<\/div>\n\t\t<\/section>\n\t\t\t\t<\/div>\n\t\t","protected":false},"excerpt":{"rendered":"<p>\u0642\u064a\u0644 : \u0645\u0646 \u062d\u0641\u0638 \u0627\u0644\u0645\u062a\u0648\u0646 \u062d\u0627\u0632 \u0627\u0644\u0641\u0646\u0648\u0646 La po\u00e9sie a toujours fait partie du langage des arabes et constitue une richesse de cette langue. Les savants ont utilis\u00e9 cette richesse et l\u2019ont mise au service du Qouran en consignant les sciences qui s\u2019y rattachent sous forme de po\u00e8mes, et ce, afin de faciliter l\u2019apprentissage, la [&hellip;]<\/p>\n","protected":false},"author":1,"featured_media":0,"parent":0,"menu_order":0,"comment_status":"closed","ping_status":"closed","template":"menu","meta":{"footnotes":""},"class_list":["post-3073","page","type-page","status-publish","hentry"],"_links":{"self":[{"href":"https:\/\/daroulqouran.fr\/index.php\/wp-json\/wp\/v2\/pages\/3073","targetHints":{"allow":["GET"]}}],"collection":[{"href":"https:\/\/daroulqouran.fr\/index.php\/wp-json\/wp\/v2\/pages"}],"about":[{"href":"https:\/\/daroulqouran.fr\/index.php\/wp-json\/wp\/v2\/types\/page"}],"author":[{"embeddable":true,"href":"https:\/\/daroulqouran.fr\/index.php\/wp-json\/wp\/v2\/users\/1"}],"replies":[{"embeddable":true,"href":"https:\/\/daroulqouran.fr\/index.php\/wp-json\/wp\/v2\/comments?post=3073"}],"version-history":[{"count":25,"href":"https:\/\/daroulqouran.fr\/index.php\/wp-json\/wp\/v2\/pages\/3073\/revisions"}],"predecessor-version":[{"id":3962,"href":"https:\/\/daroulqouran.fr\/index.php\/wp-json\/wp\/v2\/pages\/3073\/revisions\/3962"}],"wp:attachment":[{"href":"https:\/\/daroulqouran.fr\/index.php\/wp-json\/wp\/v2\/media?parent=3073"}],"curies":[{"name":"wp","href":"https:\/\/api.w.org\/{rel}","templated":true}]}}