{"id":3084,"date":"2025-07-27T18:25:35","date_gmt":"2025-07-27T16:25:35","guid":{"rendered":"https:\/\/daroulqouran.fr\/?page_id=3084"},"modified":"2026-03-14T17:58:20","modified_gmt":"2026-03-14T16:58:20","slug":"nouraaniya-femmes","status":"publish","type":"page","link":"https:\/\/daroulqouran.fr\/index.php\/nouraaniya-femmes\/","title":{"rendered":"NOURAANIYA FEMMES"},"content":{"rendered":"\t\t<div data-elementor-type=\"wp-page\" data-elementor-id=\"3084\" class=\"elementor elementor-3084\">\n\t\t\t\t\t\t<section class=\"elementor-section elementor-top-section elementor-element elementor-element-c8fa82f elementor-section-boxed elementor-section-height-default elementor-section-height-default\" data-id=\"c8fa82f\" data-element_type=\"section\">\n\t\t\t\t\t\t<div class=\"elementor-container elementor-column-gap-default\">\n\t\t\t\t\t<div class=\"elementor-column elementor-col-100 elementor-top-column elementor-element elementor-element-973f251\" data-id=\"973f251\" data-element_type=\"column\">\n\t\t\t<div class=\"elementor-widget-wrap elementor-element-populated\">\n\t\t\t\t\t\t<div class=\"elementor-element elementor-element-ee517b5 elementor-widget elementor-widget-text-editor\" data-id=\"ee517b5\" data-element_type=\"widget\" data-widget_type=\"text-editor.default\">\n\t\t\t\t<div class=\"elementor-widget-container\">\n\t\t\t\t\t\t\t\t\t<p>Bienvenue dans le programme Nouraaniya, con\u00e7u pour vous guider vers une lecture pr\u00e9cise et fluide du Qouran.<\/p><p>D\u00e9couvrez les pr\u00e9requis, les plannings et les modalit\u00e9s du programme dans les onglets ci-dessous.<\/p>\t\t\t\t\t\t\t\t<\/div>\n\t\t\t\t<\/div>\n\t\t\t\t<div class=\"elementor-element elementor-element-0f29461 elementor-tabs-view-horizontal elementor-widget elementor-widget-tabs\" data-id=\"0f29461\" data-element_type=\"widget\" data-widget_type=\"tabs.default\">\n\t\t\t\t<div class=\"elementor-widget-container\">\n\t\t\t\t\t\t\t<div class=\"elementor-tabs\">\n\t\t\t<div class=\"elementor-tabs-wrapper\" role=\"tablist\" >\n\t\t\t\t\t\t\t\t\t<div id=\"elementor-tab-title-1581\" class=\"elementor-tab-title elementor-tab-desktop-title\" aria-selected=\"true\" data-tab=\"1\" role=\"tab\" tabindex=\"0\" aria-controls=\"elementor-tab-content-1581\" aria-expanded=\"false\">ANCIENNES ELEVES<\/div>\n\t\t\t\t\t\t\t<\/div>\n\t\t\t<div class=\"elementor-tabs-content-wrapper\" role=\"tablist\" aria-orientation=\"vertical\">\n\t\t\t\t\t\t\t\t\t<div class=\"elementor-tab-title elementor-tab-mobile-title\" aria-selected=\"true\" data-tab=\"1\" role=\"tab\" tabindex=\"0\" aria-controls=\"elementor-tab-content-1581\" aria-expanded=\"false\">ANCIENNES ELEVES<\/div>\n\t\t\t\t\t<div id=\"elementor-tab-content-1581\" class=\"elementor-tab-content elementor-clearfix\" data-tab=\"1\" role=\"tabpanel\" aria-labelledby=\"elementor-tab-title-1581\" tabindex=\"0\" hidden=\"false\"><p><strong>RAPPEL :\u00a0<\/strong><\/p><p data-start=\"209\" data-end=\"397\">L\u2019institut Daroul Qouran organise ses enseignements en <strong data-start=\"257\" data-end=\"284\">sessions de 10 semaines<\/strong>.<br data-start=\"285\" data-end=\"288\" \/>Chaque ann\u00e9e scolaire est divis\u00e9e en <strong data-start=\"325\" data-end=\"354\">3 sessions de 10 semaines<\/strong>, totalisant 30 semaines d\u2019apprentissage.<\/p><p data-start=\"399\" data-end=\"626\">Les inscriptions se font <strong data-start=\"424\" data-end=\"447\">session par session<\/strong>.<\/p><p data-start=\"628\" data-end=\"730\">Le <strong data-start=\"631\" data-end=\"664\">tarif est calcul\u00e9 par session<\/strong>, permettant ainsi de s\u2019adapter \u00e0 vos besoins et disponibilit\u00e9s.<\/p><p data-start=\"628\" data-end=\"730\"><strong>PLANNING :\u00a0<\/strong><\/p><ul><li><p>Les plannings de session 3 restent les m\u00eames que ceux de la session 2.<\/p><\/li><\/ul><p><strong>TARIF :<\/strong><\/p><ul><li><strong>87\u20ac<\/strong> la session soit <strong>29\u20ac<\/strong> par mois*.<\/li><li><p><strong>CODE PROMO<\/strong> : Daroul Qouran remet en place le code promo lorsque plusieurs membres d&rsquo;une famille s&rsquo;inscrivent <strong>(Mere+Enfant ou enfant+enfant)<\/strong> : pour en b\u00e9n\u00e9ficier taper le code promo : <strong>FAMILLE<\/strong> lors de la proc\u00e9dure de paiement.<\/p><\/li><\/ul><p><em>*Possibilit\u00e9 de payer la cotisation en plusieurs fois (Veuillez prendre connaissance des dates de pr\u00e9l\u00e8vement sur le site Hello Asso).<\/em><\/p><p data-start=\"628\" data-end=\"730\"><strong>RE-INSCRIPTION EN SESSION 3 :<\/strong><\/p><ul><li data-start=\"628\" data-end=\"730\"><a href=\"https:\/\/www.helloasso.com\/associations\/lumiere-du-savoir\/adhesions\/session3-nouraaniya-femmes\" target=\"_blank\" rel=\"noopener\">Cliquez ici.<\/a><\/li><\/ul><p data-start=\"57\" data-end=\"230\"><strong data-start=\"57\" data-end=\"120\">Apr\u00e8s avoir termin\u00e9 la Nour\u00e2niyya, ne vous arr\u00eatez pas l\u00e0 !<\/strong><br data-start=\"120\" data-end=\"123\" \/>Rejoignez le <strong data-start=\"136\" data-end=\"152\">p\u00f4le Qouran<\/strong> pour continuer votre progression et perfectionner votre lecture \u00e0 travers :<\/p><ul data-start=\"231\" data-end=\"270\"><li data-start=\"231\" data-end=\"270\"><p data-start=\"233\" data-end=\"270\"><strong data-start=\"233\" data-end=\"268\">La classe de lecture du Qouran.<\/strong><\/p><\/li><\/ul><\/div>\n\t\t\t\t\t\t\t<\/div>\n\t\t<\/div>\n\t\t\t\t\t\t<\/div>\n\t\t\t\t<\/div>\n\t\t\t\t\t<\/div>\n\t\t<\/div>\n\t\t\t\t\t<\/div>\n\t\t<\/section>\n\t\t\t\t<\/div>\n\t\t","protected":false},"excerpt":{"rendered":"<p>Bienvenue dans le programme Nouraaniya, con\u00e7u pour vous guider vers une lecture pr\u00e9cise et fluide du Qouran. D\u00e9couvrez les pr\u00e9requis, les plannings et les modalit\u00e9s du programme dans les onglets ci-dessous. ANCIENNES ELEVES ANCIENNES ELEVES RAPPEL :\u00a0 L\u2019institut Daroul Qouran organise ses enseignements en sessions de 10 semaines.Chaque ann\u00e9e scolaire est divis\u00e9e en 3 sessions [&hellip;]<\/p>\n","protected":false},"author":1,"featured_media":0,"parent":0,"menu_order":0,"comment_status":"closed","ping_status":"closed","template":"menu","meta":{"footnotes":""},"class_list":["post-3084","page","type-page","status-publish","hentry"],"_links":{"self":[{"href":"https:\/\/daroulqouran.fr\/index.php\/wp-json\/wp\/v2\/pages\/3084","targetHints":{"allow":["GET"]}}],"collection":[{"href":"https:\/\/daroulqouran.fr\/index.php\/wp-json\/wp\/v2\/pages"}],"about":[{"href":"https:\/\/daroulqouran.fr\/index.php\/wp-json\/wp\/v2\/types\/page"}],"author":[{"embeddable":true,"href":"https:\/\/daroulqouran.fr\/index.php\/wp-json\/wp\/v2\/users\/1"}],"replies":[{"embeddable":true,"href":"https:\/\/daroulqouran.fr\/index.php\/wp-json\/wp\/v2\/comments?post=3084"}],"version-history":[{"count":85,"href":"https:\/\/daroulqouran.fr\/index.php\/wp-json\/wp\/v2\/pages\/3084\/revisions"}],"predecessor-version":[{"id":3975,"href":"https:\/\/daroulqouran.fr\/index.php\/wp-json\/wp\/v2\/pages\/3084\/revisions\/3975"}],"wp:attachment":[{"href":"https:\/\/daroulqouran.fr\/index.php\/wp-json\/wp\/v2\/media?parent=3084"}],"curies":[{"name":"wp","href":"https:\/\/api.w.org\/{rel}","templated":true}]}}