{"id":3129,"date":"2025-07-28T00:47:53","date_gmt":"2025-07-27T22:47:53","guid":{"rendered":"https:\/\/daroulqouran.fr\/?page_id=3129"},"modified":"2025-07-29T02:24:13","modified_gmt":"2025-07-29T00:24:13","slug":"essai-menu-pages","status":"publish","type":"page","link":"https:\/\/daroulqouran.fr\/index.php\/essai-menu-pages\/","title":{"rendered":"Essai menu pages"},"content":{"rendered":"\t\t<div data-elementor-type=\"wp-page\" data-elementor-id=\"3129\" class=\"elementor elementor-3129\">\n\t\t\t\t\t\t<section class=\"elementor-section elementor-top-section elementor-element elementor-element-fe444c5 elementor-section-boxed elementor-section-height-default elementor-section-height-default\" data-id=\"fe444c5\" data-element_type=\"section\" data-settings=\"{&quot;background_background&quot;:&quot;classic&quot;}\">\n\t\t\t\t\t\t<div class=\"elementor-container elementor-column-gap-default\">\n\t\t\t\t\t<div class=\"elementor-column elementor-col-100 elementor-top-column elementor-element elementor-element-1601791\" data-id=\"1601791\" data-element_type=\"column\">\n\t\t\t<div class=\"elementor-widget-wrap elementor-element-populated\">\n\t\t\t\t\t\t<div class=\"elementor-element elementor-element-371ef9b elementor-widget elementor-widget-heading\" data-id=\"371ef9b\" data-element_type=\"widget\" data-widget_type=\"heading.default\">\n\t\t\t\t<div class=\"elementor-widget-container\">\n\t\t\t\t\t<h2 class=\"elementor-heading-title elementor-size-default\">P\u00f4le Qouran \u2013 Faire du Qouran le c\u0153ur de notre quotidien<\/h2>\t\t\t\t<\/div>\n\t\t\t\t<\/div>\n\t\t\t\t\t<\/div>\n\t\t<\/div>\n\t\t\t\t\t<\/div>\n\t\t<\/section>\n\t\t\t\t<section class=\"elementor-section elementor-top-section elementor-element elementor-element-05d1a7e elementor-section-boxed elementor-section-height-default elementor-section-height-default\" data-id=\"05d1a7e\" data-element_type=\"section\" data-settings=\"{&quot;shape_divider_top&quot;:&quot;curve-asymmetrical&quot;}\">\n\t\t\t\t\t<div class=\"elementor-shape elementor-shape-top\" aria-hidden=\"true\" data-negative=\"false\">\n\t\t\t<svg xmlns=\"http:\/\/www.w3.org\/2000\/svg\" viewBox=\"0 0 1000 100\" preserveAspectRatio=\"none\">\n\t<path class=\"elementor-shape-fill\" d=\"M0,0c0,0,0,6,0,6.7c0,18,240.2,93.6,615.2,92.6C989.8,98.5,1000,25,1000,6.7c0-0.7,0-6.7,0-6.7H0z\"\/>\n<\/svg>\t\t<\/div>\n\t\t\t\t\t<div class=\"elementor-container elementor-column-gap-default\">\n\t\t\t\t\t<div class=\"elementor-column elementor-col-100 elementor-top-column elementor-element elementor-element-c71f480\" data-id=\"c71f480\" data-element_type=\"column\">\n\t\t\t<div class=\"elementor-widget-wrap elementor-element-populated\">\n\t\t\t\t\t\t<div class=\"elementor-element elementor-element-bd40a2f elementor-widget elementor-widget-text-editor\" data-id=\"bd40a2f\" data-element_type=\"widget\" data-widget_type=\"text-editor.default\">\n\t\t\t\t<div class=\"elementor-widget-container\">\n\t\t\t\t\t\t\t\t\t<p data-start=\"119\" data-end=\"271\">Au sein de l\u2019Institut Daroul Qouran, le <strong data-start=\"159\" data-end=\"174\">P\u00f4le Qouran<\/strong> r\u00e9unit tous les cursus d\u00e9di\u00e9s \u00e0 la <strong data-start=\"210\" data-end=\"268\">lecture, l\u2019apprentissage et \u00e0 l\u2019\u00e9tude du Livre d\u2019Allah<\/strong>.<\/p><p data-start=\"273\" data-end=\"361\">Que vous soyez <strong data-start=\"288\" data-end=\"301\">d\u00e9butante<\/strong> ou <strong data-start=\"305\" data-end=\"316\">avanc\u00e9e<\/strong>, vous trouverez un programme adapt\u00e9 pour :<\/p><ul data-start=\"363\" data-end=\"588\"><li data-start=\"363\" data-end=\"411\"><p data-start=\"365\" data-end=\"411\"><strong data-start=\"365\" data-end=\"408\">Apprendre \u00e0 lire correctement le Qouran<\/strong>,<\/p><\/li><li data-start=\"412\" data-end=\"460\"><p data-start=\"414\" data-end=\"460\"><strong data-start=\"414\" data-end=\"457\">M\u00e9moriser progressivement et solidement<\/strong>,<\/p><\/li><li data-start=\"461\" data-end=\"527\"><p data-start=\"463\" data-end=\"527\"><strong data-start=\"463\" data-end=\"524\">D\u00e9couvrir et ma\u00eetriser les diff\u00e9rentes lectures (qir\u0101\u2019\u0101t)<\/strong>,<\/p><\/li><li data-start=\"528\" data-end=\"588\"><p data-start=\"530\" data-end=\"588\"><strong data-start=\"530\" data-end=\"585\">Approfondir les r\u00e8gles \u00e0 travers les po\u00e8mes comme la Jazariyya<\/strong>.<\/p><\/li><\/ul><p data-start=\"590\" data-end=\"757\">Notre objectif : <strong data-start=\"607\" data-end=\"701\">accompagner chaque \u00e9tudiante pour que le Qouran devienne un compagnon de tous les instants<\/strong>, \u00e0 travers un enseignement <strong data-start=\"729\" data-end=\"754\">structur\u00e9, bienveillant et motivant<\/strong>.\u00a0<\/p><p data-start=\"590\" data-end=\"757\">Ces cours s\u2019adressent aux femmes et aux enfants.<\/p>\t\t\t\t\t\t\t\t<\/div>\n\t\t\t\t<\/div>\n\t\t\t\t\t<\/div>\n\t\t<\/div>\n\t\t\t\t\t<\/div>\n\t\t<\/section>\n\t\t\t\t<section class=\"elementor-section elementor-top-section elementor-element elementor-element-567a498 elementor-section-boxed elementor-section-height-default elementor-section-height-default\" data-id=\"567a498\" data-element_type=\"section\">\n\t\t\t\t\t\t<div class=\"elementor-container elementor-column-gap-default\">\n\t\t\t\t\t<div class=\"elementor-column elementor-col-100 elementor-top-column elementor-element elementor-element-3cd8015\" data-id=\"3cd8015\" data-element_type=\"column\">\n\t\t\t<div class=\"elementor-widget-wrap elementor-element-populated\">\n\t\t\t\t\t\t<div class=\"elementor-element elementor-element-2b3b0a8 elementor-widget elementor-widget-toggle\" data-id=\"2b3b0a8\" data-element_type=\"widget\" data-widget_type=\"toggle.default\">\n\t\t\t\t<div class=\"elementor-widget-container\">\n\t\t\t\t\t\t\t<div class=\"elementor-toggle\">\n\t\t\t\t\t\t\t<div class=\"elementor-toggle-item\">\n\t\t\t\t\t<div id=\"elementor-tab-title-4531\" class=\"elementor-tab-title\" data-tab=\"1\" role=\"button\" aria-controls=\"elementor-tab-content-4531\" aria-expanded=\"false\">\n\t\t\t\t\t\t\t\t\t\t\t\t<span class=\"elementor-toggle-icon elementor-toggle-icon-left\" aria-hidden=\"true\">\n\t\t\t\t\t\t\t\t\t\t\t\t\t\t\t<span class=\"elementor-toggle-icon-closed\"><i class=\"fas fa-caret-right\"><\/i><\/span>\n\t\t\t\t\t\t\t\t<span class=\"elementor-toggle-icon-opened\"><i class=\"elementor-toggle-icon-opened fas fa-caret-up\"><\/i><\/span>\n\t\t\t\t\t\t\t\t\t\t\t\t\t<\/span>\n\t\t\t\t\t\t\t\t\t\t\t\t<a class=\"elementor-toggle-title\" tabindex=\"0\">ADULTES<\/a>\n\t\t\t\t\t<\/div>\n\n\t\t\t\t\t<div id=\"elementor-tab-content-4531\" class=\"elementor-tab-content elementor-clearfix\" data-tab=\"1\" role=\"region\" aria-labelledby=\"elementor-tab-title-4531\"><p data-start=\"250\" data-end=\"374\">D\u00e9couvrez nos cursus sp\u00e9cialement pens\u00e9s pour les femmes, quel que soit votre niveau\u202f:<\/p><ul data-start=\"376\" data-end=\"725\"><li data-start=\"376\" data-end=\"444\"><p data-start=\"378\" data-end=\"444\"><a href=\"https:\/\/daroulqouran.fr\/index.php\/classelectureadultes\/\" target=\"_blank\" rel=\"noopener\"><strong data-start=\"378\" data-end=\"399\">Classe de lecture<\/strong><\/a> \u2013 apprendre \u00e0 lire le Qouran correctement.<\/p><\/li><li data-start=\"445\" data-end=\"517\"><p data-start=\"447\" data-end=\"517\"><strong data-start=\"447\" data-end=\"476\"><a href=\"https:\/\/daroulqouran.fr\/index.php\/elementor-2879\/\" target=\"_blank\" rel=\"noopener\">M\u00e9morisation<\/a>\u00a0<\/strong> \u2013 invdividuel : pour un suivi personnalis\u00e9 et progressif ou en groupe : pour une motivation et r\u00e9gularit\u00e9 ensemble.<\/p><\/li><li data-start=\"586\" data-end=\"651\"><p data-start=\"588\" data-end=\"651\"><a href=\"https:\/\/daroulqouran.fr\/index.php\/qiraates\/\" target=\"_blank\" rel=\"noopener\"><strong data-start=\"588\" data-end=\"609\">\u00c9tude des Qiraates<\/strong><\/a> \u2013 d\u00e9couvrir et \u00e9tudier les diff\u00e9rentes lectures.<\/p><\/li><li data-start=\"652\" data-end=\"725\"><p data-start=\"654\" data-end=\"725\"><a href=\"https:\/\/daroulqouran.fr\/index.php\/al-jazariya\/\" target=\"_blank\" rel=\"noopener\"><strong data-start=\"654\" data-end=\"679\">\u00c9tude de la Jazariyya<\/strong><\/a> \u2013 ma\u00eetriser les r\u00e8gles et po\u00e8mes du tajw\u012bd.<\/p><\/li><\/ul><p data-start=\"727\" data-end=\"826\"><strong data-start=\"727\" data-end=\"771\">Cliquez sur le cursus qui vous int\u00e9resse<\/strong> pour d\u00e9couvrir le programme et le planning d\u00e9taill\u00e9.<\/p><\/div>\n\t\t\t\t<\/div>\n\t\t\t\t\t\t\t<div class=\"elementor-toggle-item\">\n\t\t\t\t\t<div id=\"elementor-tab-title-4532\" class=\"elementor-tab-title\" data-tab=\"2\" role=\"button\" aria-controls=\"elementor-tab-content-4532\" aria-expanded=\"false\">\n\t\t\t\t\t\t\t\t\t\t\t\t<span class=\"elementor-toggle-icon elementor-toggle-icon-left\" aria-hidden=\"true\">\n\t\t\t\t\t\t\t\t\t\t\t\t\t\t\t<span class=\"elementor-toggle-icon-closed\"><i class=\"fas fa-caret-right\"><\/i><\/span>\n\t\t\t\t\t\t\t\t<span class=\"elementor-toggle-icon-opened\"><i class=\"elementor-toggle-icon-opened fas fa-caret-up\"><\/i><\/span>\n\t\t\t\t\t\t\t\t\t\t\t\t\t<\/span>\n\t\t\t\t\t\t\t\t\t\t\t\t<a class=\"elementor-toggle-title\" tabindex=\"0\">ENFANTS<\/a>\n\t\t\t\t\t<\/div>\n\n\t\t\t\t\t<div id=\"elementor-tab-content-4532\" class=\"elementor-tab-content elementor-clearfix\" data-tab=\"2\" role=\"region\" aria-labelledby=\"elementor-tab-title-4532\"><p data-start=\"153\" data-end=\"347\">Nos programmes sont con\u00e7us pour accompagner vos enfants et adolescentes dans leur apprentissage du Qouran, de mani\u00e8re ludique et progressive\u202f:<\/p><ul data-start=\"349\" data-end=\"705\"><li data-start=\"349\" data-end=\"430\"><p data-start=\"351\" data-end=\"430\"><a href=\"https:\/\/daroulqouran.fr\/index.php\/classe-de-lecture-enfants\/\" target=\"_blank\" rel=\"noopener\"><strong data-start=\"351\" data-end=\"372\">Classe de lecture<\/strong><\/a> \u2013 apprendre \u00e0 lire le Qouran correctement d\u00e8s le d\u00e9but.<\/p><\/li><li data-start=\"431\" data-end=\"515\"><p data-start=\"433\" data-end=\"515\"><a href=\"https:\/\/daroulqouran.fr\/index.php\/memorisation-enfants\/\" target=\"_blank\" rel=\"noopener\"><strong data-start=\"433\" data-end=\"471\">M\u00e9morisation :\u00a0 pour nos adolescentes<\/strong><\/a> \u2013 un accompagnement adapt\u00e9 \u00e0 leur rythme.<\/p><\/li><li data-start=\"614\" data-end=\"705\"><p data-start=\"616\" data-end=\"705\"><a href=\"https:\/\/daroulqouran.fr\/index.php\/memorisation-enfants\/\" target=\"_blank\" rel=\"noopener\"><strong data-start=\"616\" data-end=\"658\">M\u00e9morisation des sourates du quotidien<\/strong><\/a> \u2013 pour ancrer les bases utiles au quotidien.<\/p><\/li><li><a href=\"https:\/\/daroulqouran.fr\/index.php\/memorisation-enfants\/\" target=\"_blank\" rel=\"noopener\"><strong data-start=\"518\" data-end=\"571\"><span style=\"color: #ff0000;\">Nouveau<\/span> : M\u00e9morisation en groupe pour les enfants<\/strong><\/a> \u2013 progresser ensemble, avec motivation.<\/li><\/ul><p data-start=\"707\" data-end=\"806\"><strong data-start=\"707\" data-end=\"751\">Cliquez sur le cursus qui vous int\u00e9resse<\/strong> pour d\u00e9couvrir le programme et le planning d\u00e9taill\u00e9.<\/p><\/div>\n\t\t\t\t<\/div>\n\t\t\t\t\t\t\t\t<\/div>\n\t\t\t\t\t\t<\/div>\n\t\t\t\t<\/div>\n\t\t\t\t\t<\/div>\n\t\t<\/div>\n\t\t\t\t\t<\/div>\n\t\t<\/section>\n\t\t\t\t<\/div>\n\t\t","protected":false},"excerpt":{"rendered":"<p>P\u00f4le Qouran \u2013 Faire du Qouran le c\u0153ur de notre quotidien Au sein de l\u2019Institut Daroul Qouran, le P\u00f4le Qouran r\u00e9unit tous les cursus d\u00e9di\u00e9s \u00e0 la lecture, l\u2019apprentissage et \u00e0 l\u2019\u00e9tude du Livre d\u2019Allah. Que vous soyez d\u00e9butante ou avanc\u00e9e, vous trouverez un programme adapt\u00e9 pour : Apprendre \u00e0 lire correctement le Qouran, M\u00e9moriser [&hellip;]<\/p>\n","protected":false},"author":1,"featured_media":0,"parent":0,"menu_order":0,"comment_status":"closed","ping_status":"closed","template":"menu","meta":{"footnotes":""},"class_list":["post-3129","page","type-page","status-publish","hentry"],"_links":{"self":[{"href":"https:\/\/daroulqouran.fr\/index.php\/wp-json\/wp\/v2\/pages\/3129","targetHints":{"allow":["GET"]}}],"collection":[{"href":"https:\/\/daroulqouran.fr\/index.php\/wp-json\/wp\/v2\/pages"}],"about":[{"href":"https:\/\/daroulqouran.fr\/index.php\/wp-json\/wp\/v2\/types\/page"}],"author":[{"embeddable":true,"href":"https:\/\/daroulqouran.fr\/index.php\/wp-json\/wp\/v2\/users\/1"}],"replies":[{"embeddable":true,"href":"https:\/\/daroulqouran.fr\/index.php\/wp-json\/wp\/v2\/comments?post=3129"}],"version-history":[{"count":13,"href":"https:\/\/daroulqouran.fr\/index.php\/wp-json\/wp\/v2\/pages\/3129\/revisions"}],"predecessor-version":[{"id":3183,"href":"https:\/\/daroulqouran.fr\/index.php\/wp-json\/wp\/v2\/pages\/3129\/revisions\/3183"}],"wp:attachment":[{"href":"https:\/\/daroulqouran.fr\/index.php\/wp-json\/wp\/v2\/media?parent=3129"}],"curies":[{"name":"wp","href":"https:\/\/api.w.org\/{rel}","templated":true}]}}