{"id":409,"date":"2020-05-15T13:27:52","date_gmt":"2020-05-15T11:27:52","guid":{"rendered":"http:\/\/daroulqouran.fr\/?page_id=409"},"modified":"2025-08-11T18:24:51","modified_gmt":"2025-08-11T16:24:51","slug":"inscription","status":"publish","type":"page","link":"https:\/\/daroulqouran.fr\/index.php\/inscription\/","title":{"rendered":"Inscription"},"content":{"rendered":"\n<p class=\"has-text-align-center has-text-color has-large-font-size\" style=\"color:#d2973b\"><strong><span style=\"color:#d2973b\" class=\"has-inline-color\">Vous souhaitez vous inscrire \u00e0 une session ?<\/span><\/strong><\/p>\n\n\n\n<hr class=\"wp-block-separator\"\/>\n\n\n\n<p>Daroul Qouran vous&nbsp;propose l\u2019int\u00e9gralit\u00e9 de ses formations en e-learning. Les<strong>&nbsp;cours en ligne&nbsp;<\/strong>vous permettent de suivre<strong> plusieurs modules<\/strong> \u00e0 la fois, d&rsquo;o\u00f9 vous le souhaitez et \u00e0 diff\u00e9rentes sessions dans l&rsquo;ann\u00e9e.<\/p>\n\n\n\n<p>Nous mettons l&rsquo;accent sur l&rsquo;assimilation durable des notions et l&rsquo;\u00e9volution personnelle de chacun, c&rsquo;est pourquoi nos classes sont compos\u00e9es de groupes restreints. <\/p>\n\n\n\n<p>Les ensiegnements sont dispens\u00e9s, en direct, par les intervenantes  via une plateforme de&nbsp;<strong>visioconf\u00e9rence<\/strong>, comme si vous \u00e9tiez en classe. <\/p>\n\n\n\n<p>Les apprenantes peuvent communiquer ais\u00e9ment avec leurs intervenantes avant, pendant et apr\u00e8s le cours via les groupes de messageries instantan\u00e9es. <\/p>\n\n\n\n<div class=\"wp-block-buttons aligncenter is-layout-flex wp-block-buttons-is-layout-flex\">\n<div class=\"wp-block-button\"><a class=\"wp-block-button__link\" href=\"https:\/\/daroulqouran.fr\/index.php\/charte\/\" target=\"_blank\" rel=\"noreferrer noopener\">Lire notre charte<\/a><\/div>\n<\/div>\n\n\n\n<p class=\"has-text-align-center\"><strong><span class=\"has-inline-color has-black-color\">Vous souhaitez avancer dans l&rsquo;\u00e9tude du Qouran sous diff\u00e9rents aspects ?<\/span><\/strong><\/p>\n\n\n\n<p class=\"has-text-align-center has-medium-font-size\"><strong>Inscrivez-vous en remplissant ce formulaire :<\/strong><\/p>\n\n\n\n<div class=\"forminator-guttenberg\"><div class=\"forminator-ui forminator-custom-form forminator-custom-form-1847 forminator-design--default  forminator_ajax\" data-forminator-render=\"0\" data-form=\"forminator-module-1847\" data-uid=\"69d2112c2fca5\"><br\/><\/div><form\n\t\t\t\tid=\"forminator-module-1847\"\n\t\t\t\tclass=\"forminator-ui forminator-custom-form forminator-custom-form-1847 forminator-design--default  forminator_ajax\"\n\t\t\t\tmethod=\"post\"\n\t\t\t\tdata-forminator-render=\"0\"\n\t\t\t\tdata-form-id=\"1847\"\n\t\t\t\t\n\t\t\t\tdata-design=\"default\"\n\t\t\t\t\n\t\t\t\t\n\t\t\t\t\n\t\t\t\tdata-grid=\"open\"\n\t\t\t\t\n\t\t\t\t\n\t\t\t\tstyle=\"display: none;\"\n\t\t\t\t\n\t\t\t\tdata-uid=\"69d2112c2fca5\"\n\t\t\t><div role=\"alert\" aria-live=\"polite\" class=\"forminator-response-message forminator-error\" aria-hidden=\"true\"><\/div><div class=\"forminator-row\"><div id=\"name-1\" class=\"forminator-field-name forminator-col forminator-col-12 \"><div class=\"forminator-field\"><label for=\"forminator-field-name-1_69d2112c2fca5\" id=\"forminator-field-name-1_69d2112c2fca5-label\" class=\"forminator-label\">Nom <span class=\"forminator-required\">*<\/span><\/label><input type=\"text\" name=\"name-1\" value=\"\" placeholder=\"\" id=\"forminator-field-name-1_69d2112c2fca5\" class=\"forminator-input forminator-name--field\" aria-required=\"true\" \/><\/div><\/div><\/div><div class=\"forminator-row\"><div id=\"name-2\" class=\"forminator-field-name forminator-col forminator-col-12 \"><div class=\"forminator-field\"><label for=\"forminator-field-name-2_69d2112c2fca5\" id=\"forminator-field-name-2_69d2112c2fca5-label\" class=\"forminator-label\">Pr\u00e9nom <span class=\"forminator-required\">*<\/span><\/label><input type=\"text\" name=\"name-2\" value=\"\" placeholder=\"\" id=\"forminator-field-name-2_69d2112c2fca5\" class=\"forminator-input forminator-name--field\" aria-required=\"true\" \/><\/div><\/div><\/div><div class=\"forminator-row\"><div id=\"email-1\" class=\"forminator-field-email forminator-col forminator-col-6 \"><div class=\"forminator-field\"><label for=\"forminator-field-email-1_69d2112c2fca5\" id=\"forminator-field-email-1_69d2112c2fca5-label\" class=\"forminator-label\">Adresse de messagerie <span class=\"forminator-required\">*<\/span><\/label><input type=\"email\" name=\"email-1\" value=\"\" placeholder=\"\" id=\"forminator-field-email-1_69d2112c2fca5\" class=\"forminator-input forminator-email--field\" data-required=\"1\" aria-required=\"true\" \/><\/div><\/div><div id=\"phone-1\" class=\"forminator-field-phone forminator-col forminator-col-6 \"><div class=\"forminator-field\"><label for=\"forminator-field-phone-1_69d2112c2fca5\" id=\"forminator-field-phone-1_69d2112c2fca5-label\" class=\"forminator-label\">Num\u00e9ro de t\u00e9l\u00e9phone <span class=\"forminator-required\">*<\/span><\/label><input type=\"text\" name=\"phone-1\" value=\"\" placeholder=\"\" id=\"forminator-field-phone-1_69d2112c2fca5\" class=\"forminator-input forminator-field--phone\" data-required=\"1\" aria-required=\"true\" autocomplete=\"off\" \/><\/div><\/div><\/div><div class=\"forminator-row\"><div id=\"radio-1\" class=\"forminator-field-radio forminator-col forminator-col-12 \"><div role=\"radiogroup\" class=\"forminator-field\" aria-labelledby=\"forminator-radiogroup-radio-1-69d2112c2fca5-label\"><span id=\"forminator-radiogroup-radio-1-69d2112c2fca5-label\" class=\"forminator-label\">Genre<\/span><label id=\"forminator-field-radio-1-label-1\" for=\"forminator-field-radio-1-1-69d2112c2fca5\" class=\"forminator-radio\" title=\"FEMME\"><input type=\"radio\" name=\"radio-1\" value=\"femme\" id=\"forminator-field-radio-1-1-69d2112c2fca5\" aria-labelledby=\"forminator-field-radio-1-label-1\" data-calculation=\"0\"  \/><span class=\"forminator-radio-bullet\" aria-hidden=\"true\"><\/span><span class=\"forminator-radio-label\">FEMME<\/span><\/label><label id=\"forminator-field-radio-1-label-2\" for=\"forminator-field-radio-1-2-69d2112c2fca5\" class=\"forminator-radio\" title=\"ENFANT\"><input type=\"radio\" name=\"radio-1\" value=\"enfant\" id=\"forminator-field-radio-1-2-69d2112c2fca5\" aria-labelledby=\"forminator-field-radio-1-label-2\" data-calculation=\"0\"  \/><span class=\"forminator-radio-bullet\" aria-hidden=\"true\"><\/span><span class=\"forminator-radio-label\">ENFANT<\/span><\/label><\/div><\/div><\/div><div class=\"forminator-row\"><div id=\"name-3\" class=\"forminator-field-name forminator-col forminator-col-12 \"><div class=\"forminator-field\"><label for=\"forminator-field-name-3_69d2112c2fca5\" id=\"forminator-field-name-3_69d2112c2fca5-label\" class=\"forminator-label\">Pr\u00e9nom de l&#039;enfant<\/label><input type=\"text\" name=\"name-3\" value=\"\" placeholder=\"\" id=\"forminator-field-name-3_69d2112c2fca5\" class=\"forminator-input forminator-name--field\" aria-required=\"false\" \/><\/div><\/div><\/div><div class=\"forminator-row\"><div id=\"number-1\" class=\"forminator-field-number forminator-col forminator-col-12 \"><div class=\"forminator-field\"><label for=\"forminator-field-number-1_69d2112c2fca5\" id=\"forminator-field-number-1_69d2112c2fca5-label\" class=\"forminator-label\">Age de l&#039;enfant<\/label><input name=\"number-1\" value=\"\" placeholder=\"\" id=\"forminator-field-number-1_69d2112c2fca5\" class=\"forminator-input forminator-number--field\" inputmode=\"decimal\" data-required=\"\" data-decimals=\"0\" aria-required=\"false\" data-inputmask=\"&#039;groupSeparator&#039;: &#039;&#039;, &#039;radixPoint&#039;: &#039;&#039;, &#039;digits&#039;: &#039;0&#039;\" type=\"number\" step=\"any\" min=\"1\" max=\"150\" \/><\/div><\/div><\/div><div class=\"forminator-row\"><div id=\"checkbox-2\" class=\"forminator-field-checkbox forminator-col forminator-col-6 \"><div role=\"group\" class=\"forminator-field\" aria-labelledby=\"forminator-checkbox-group-forminator-field-checkbox-2-69d2112c2fca5-label\"><span id=\"forminator-checkbox-group-forminator-field-checkbox-2-69d2112c2fca5-label\" class=\"forminator-label\">POLE IBN AL JAZARY<\/span><label id=\"forminator-field-checkbox-2-1-69d2112c2fca5-label\" for=\"forminator-field-checkbox-2-1-69d2112c2fca5\" class=\"forminator-checkbox\" title=\"RIWAAYAAT HAFS\"><input type=\"checkbox\" name=\"checkbox-2[]\" value=\"riwaayaat-hafs\" id=\"forminator-field-checkbox-2-1-69d2112c2fca5\" aria-labelledby=\"forminator-field-checkbox-2-1-69d2112c2fca5-label\" data-calculation=\"0\"  \/><span class=\"forminator-checkbox-box\" aria-hidden=\"true\"><\/span><span class=\"forminator-checkbox-label\">RIWAAYAAT HAFS<\/span><\/label><label id=\"forminator-field-checkbox-2-2-69d2112c2fca5-label\" for=\"forminator-field-checkbox-2-2-69d2112c2fca5\" class=\"forminator-checkbox\" title=\"RIWAAYAAT DOURRI AL-KISSAI\"><input type=\"checkbox\" name=\"checkbox-2[]\" value=\"RIWAAYAAT-DOURRI-AL-KISSAI\" id=\"forminator-field-checkbox-2-2-69d2112c2fca5\" aria-labelledby=\"forminator-field-checkbox-2-2-69d2112c2fca5-label\" data-calculation=\"0\"  \/><span class=\"forminator-checkbox-box\" aria-hidden=\"true\"><\/span><span class=\"forminator-checkbox-label\">RIWAAYAAT DOURRI AL-KISSAI<\/span><\/label><label id=\"forminator-field-checkbox-2-3-69d2112c2fca5-label\" for=\"forminator-field-checkbox-2-3-69d2112c2fca5\" class=\"forminator-checkbox\" title=\"ETUDE DE LA JAZARIYA\"><input type=\"checkbox\" name=\"checkbox-2[]\" value=\"etude-de-la-jazariya\" id=\"forminator-field-checkbox-2-3-69d2112c2fca5\" aria-labelledby=\"forminator-field-checkbox-2-3-69d2112c2fca5-label\" data-calculation=\"0\"  \/><span class=\"forminator-checkbox-box\" aria-hidden=\"true\"><\/span><span class=\"forminator-checkbox-label\">ETUDE DE LA JAZARIYA<\/span><\/label><label id=\"forminator-field-checkbox-2-4-69d2112c2fca5-label\" for=\"forminator-field-checkbox-2-4-69d2112c2fca5\" class=\"forminator-checkbox\" title=\"POEMES DE TAJWID\"><input type=\"checkbox\" name=\"checkbox-2[]\" value=\"poemes-de-tajwid\" id=\"forminator-field-checkbox-2-4-69d2112c2fca5\" aria-labelledby=\"forminator-field-checkbox-2-4-69d2112c2fca5-label\" data-calculation=\"0\"  \/><span class=\"forminator-checkbox-box\" aria-hidden=\"true\"><\/span><span class=\"forminator-checkbox-label\">POEMES DE TAJWID<\/span><\/label><label id=\"forminator-field-checkbox-2-5-69d2112c2fca5-label\" for=\"forminator-field-checkbox-2-5-69d2112c2fca5\" class=\"forminator-checkbox\" title=\"SUIVI DE MEMORISATION : INITIATION MEMO\"><input type=\"checkbox\" name=\"checkbox-2[]\" value=\"SUIVI-DE-MEMORISATION-:-INITIATION-MEMO\" id=\"forminator-field-checkbox-2-5-69d2112c2fca5\" aria-labelledby=\"forminator-field-checkbox-2-5-69d2112c2fca5-label\" data-calculation=\"0\"  \/><span class=\"forminator-checkbox-box\" aria-hidden=\"true\"><\/span><span class=\"forminator-checkbox-label\">SUIVI DE MEMORISATION : INITIATION MEMO<\/span><\/label><label id=\"forminator-field-checkbox-2-6-69d2112c2fca5-label\" for=\"forminator-field-checkbox-2-6-69d2112c2fca5\" class=\"forminator-checkbox\" title=\"SUIVI DE MEMORISATION : MEMO INTERMEDIAIRE A AVANCE\"><input type=\"checkbox\" name=\"checkbox-2[]\" value=\"SUIVI-DE-MEMORISATION-:-MEMO-INTERMEDIAIRE-A-AVANCE\" id=\"forminator-field-checkbox-2-6-69d2112c2fca5\" aria-labelledby=\"forminator-field-checkbox-2-6-69d2112c2fca5-label\" data-calculation=\"0\"  \/><span class=\"forminator-checkbox-box\" aria-hidden=\"true\"><\/span><span class=\"forminator-checkbox-label\">SUIVI DE MEMORISATION : MEMO INTERMEDIAIRE A AVANCE<\/span><\/label><label id=\"forminator-field-checkbox-2-7-69d2112c2fca5-label\" for=\"forminator-field-checkbox-2-7-69d2112c2fca5\" class=\"forminator-checkbox\" title=\"SUIVI DE MEMORISATION : APPRENDRE LES SOURATES DU QUOTIDIEN\"><input type=\"checkbox\" name=\"checkbox-2[]\" value=\"SUIVI-DE-MEMORISATION-:-APPRENDRE-LES-SOURATES-DU-QUOTIDIEN\" id=\"forminator-field-checkbox-2-7-69d2112c2fca5\" aria-labelledby=\"forminator-field-checkbox-2-7-69d2112c2fca5-label\" data-calculation=\"0\"  \/><span class=\"forminator-checkbox-box\" aria-hidden=\"true\"><\/span><span class=\"forminator-checkbox-label\">SUIVI DE MEMORISATION : APPRENDRE LES SOURATES DU QUOTIDIEN<\/span><\/label><label id=\"forminator-field-checkbox-2-8-69d2112c2fca5-label\" for=\"forminator-field-checkbox-2-8-69d2112c2fca5\" class=\"forminator-checkbox\" title=\"SUIVI DE MEMORISATION : REVISION DU QOURAN\"><input type=\"checkbox\" name=\"checkbox-2[]\" value=\"SUIVI-DE-MEMORISATION-:-REVISION-DU-QOURAN\" id=\"forminator-field-checkbox-2-8-69d2112c2fca5\" aria-labelledby=\"forminator-field-checkbox-2-8-69d2112c2fca5-label\" data-calculation=\"0\"  \/><span class=\"forminator-checkbox-box\" aria-hidden=\"true\"><\/span><span class=\"forminator-checkbox-label\">SUIVI DE MEMORISATION : REVISION DU QOURAN<\/span><\/label><label id=\"forminator-field-checkbox-2-9-69d2112c2fca5-label\" for=\"forminator-field-checkbox-2-9-69d2112c2fca5\" class=\"forminator-checkbox\" title=\"SUIVI DE MEMORISATION : PREPARATION IJAZA\"><input type=\"checkbox\" name=\"checkbox-2[]\" value=\"SUIVI-DE-MEMORISATION-:-PREPARATION-IJAZA\" id=\"forminator-field-checkbox-2-9-69d2112c2fca5\" aria-labelledby=\"forminator-field-checkbox-2-9-69d2112c2fca5-label\" data-calculation=\"0\"  \/><span class=\"forminator-checkbox-box\" aria-hidden=\"true\"><\/span><span class=\"forminator-checkbox-label\">SUIVI DE MEMORISATION : PREPARATION IJAZA<\/span><\/label><label id=\"forminator-field-checkbox-2-10-69d2112c2fca5-label\" for=\"forminator-field-checkbox-2-10-69d2112c2fca5\" class=\"forminator-checkbox\" title=\"IJAZA\"><input type=\"checkbox\" name=\"checkbox-2[]\" value=\"IJAZA\" id=\"forminator-field-checkbox-2-10-69d2112c2fca5\" aria-labelledby=\"forminator-field-checkbox-2-10-69d2112c2fca5-label\" data-calculation=\"0\"  \/><span class=\"forminator-checkbox-box\" aria-hidden=\"true\"><\/span><span class=\"forminator-checkbox-label\">IJAZA<\/span><\/label><\/div><\/div><div id=\"checkbox-4\" class=\"forminator-field-checkbox forminator-col forminator-col-6 \"><div role=\"group\" class=\"forminator-field\" aria-labelledby=\"forminator-checkbox-group-forminator-field-checkbox-4-69d2112c2fca5-label\"><span id=\"forminator-checkbox-group-forminator-field-checkbox-4-69d2112c2fca5-label\" class=\"forminator-label\">POLE ETHIQUE<\/span><label id=\"forminator-field-checkbox-4-1-69d2112c2fca5-label\" for=\"forminator-field-checkbox-4-1-69d2112c2fca5\" class=\"forminator-checkbox\" title=\"ETUDE DE SOURATE AL-KAHF : Samedi de 20h15 \u00e0 21h15\"><input type=\"checkbox\" name=\"checkbox-4[]\" value=\"ETUDE-DE-SOURATE-AL-KAHF-:-Samedi-de-20h15-\u00e0-21h15\" id=\"forminator-field-checkbox-4-1-69d2112c2fca5\" aria-labelledby=\"forminator-field-checkbox-4-1-69d2112c2fca5-label\" data-calculation=\"0\"  \/><span class=\"forminator-checkbox-box\" aria-hidden=\"true\"><\/span><span class=\"forminator-checkbox-label\">ETUDE DE SOURATE AL-KAHF : Samedi de 20h15 \u00e0 21h15<\/span><\/label><label id=\"forminator-field-checkbox-4-2-69d2112c2fca5-label\" for=\"forminator-field-checkbox-4-2-69d2112c2fca5\" class=\"forminator-checkbox\" title=\"ETUDE DE SOURATE AL-HOUJOURAAT : Jeudi de 14h15 \u00e0 15h15\"><input type=\"checkbox\" name=\"checkbox-4[]\" value=\"ETUDE-DE-SOURATE-AL-HOUJOURAAT-:-Jeudi-de-14h15-\u00e0-15h15\" id=\"forminator-field-checkbox-4-2-69d2112c2fca5\" aria-labelledby=\"forminator-field-checkbox-4-2-69d2112c2fca5-label\" data-calculation=\"0\"  \/><span class=\"forminator-checkbox-box\" aria-hidden=\"true\"><\/span><span class=\"forminator-checkbox-label\">ETUDE DE SOURATE AL-HOUJOURAAT : Jeudi de 14h15 \u00e0 15h15<\/span><\/label><\/div><\/div><\/div><div class=\"forminator-row\"><div id=\"checkbox-3\" class=\"forminator-field-checkbox forminator-col forminator-col-12 \"><div role=\"group\" class=\"forminator-field\" aria-labelledby=\"forminator-checkbox-group-forminator-field-checkbox-3-69d2112c2fca5-label\"><span id=\"forminator-checkbox-group-forminator-field-checkbox-3-69d2112c2fca5-label\" class=\"forminator-label\">POLE NOURAANIYA<\/span><label id=\"forminator-field-checkbox-3-1-69d2112c2fca5-label\" for=\"forminator-field-checkbox-3-1-69d2112c2fca5\" class=\"forminator-checkbox\" title=\"NOURAANIYA ADULTE\"><input type=\"checkbox\" name=\"checkbox-3[]\" value=\"NOURAANIYA-ADULTE\" id=\"forminator-field-checkbox-3-1-69d2112c2fca5\" aria-labelledby=\"forminator-field-checkbox-3-1-69d2112c2fca5-label\" data-calculation=\"0\"  \/><span class=\"forminator-checkbox-box\" aria-hidden=\"true\"><\/span><span class=\"forminator-checkbox-label\">NOURAANIYA ADULTE<\/span><\/label><label id=\"forminator-field-checkbox-3-2-69d2112c2fca5-label\" for=\"forminator-field-checkbox-3-2-69d2112c2fca5\" class=\"forminator-checkbox\" title=\"NOURAANIYA ENFANT\"><input type=\"checkbox\" name=\"checkbox-3[]\" value=\"NOURAANIYA-ENFANT\" id=\"forminator-field-checkbox-3-2-69d2112c2fca5\" aria-labelledby=\"forminator-field-checkbox-3-2-69d2112c2fca5-label\" data-calculation=\"0\"  \/><span class=\"forminator-checkbox-box\" aria-hidden=\"true\"><\/span><span class=\"forminator-checkbox-label\">NOURAANIYA ENFANT<\/span><\/label><\/div><\/div><\/div><div class=\"forminator-row\"><div id=\"select-1\" class=\"forminator-field-select forminator-col forminator-col-12 \"><div class=\"forminator-field\"><label for=\"forminator-form-1847__field--select-1_69d2112c2fca5\" id=\"forminator-form-1847__field--select-1_69d2112c2fca5-label\" class=\"forminator-label\">NOURAANIYA ADULTE<\/label><select  id=\"forminator-form-1847__field--select-1_69d2112c2fca5\" class=\"forminator-select--field forminator-select2 forminator-select2-multiple\" data-required=\"\" name=\"select-1\" data-default-value=\"\" data-placeholder=\"Choix du cr\u00e9neau : \u00e0 Venir\" data-search=\"false\" data-search-placeholder=\"Choix du cr\u00e9neau : \u00e0 Venir\" data-checkbox=\"false\" data-allow-clear=\"false\" aria-labelledby=\"forminator-form-1847__field--select-1_69d2112c2fca5-label\"><option value=\"\"  >Choix du cr\u00e9neau : \u00e0 Venir<\/option><\/select><\/div><\/div><\/div><div class=\"forminator-row\"><div id=\"select-2\" class=\"forminator-field-select forminator-col forminator-col-12 \"><div class=\"forminator-field\"><label for=\"forminator-form-1847__field--select-2_69d2112c2fca5\" id=\"forminator-form-1847__field--select-2_69d2112c2fca5-label\" class=\"forminator-label\">NOURAANIYA ENFANT<\/label><select  id=\"forminator-form-1847__field--select-2_69d2112c2fca5\" class=\"forminator-select--field forminator-select2 forminator-select2-multiple\" data-required=\"\" name=\"select-2\" data-default-value=\"\" data-placeholder=\"Choix du cr\u00e9neau : A venir\" data-search=\"false\" data-search-placeholder=\"Choix du cr\u00e9neau : A venir\" data-checkbox=\"false\" data-allow-clear=\"false\" aria-labelledby=\"forminator-form-1847__field--select-2_69d2112c2fca5-label\"><option value=\"\"  >Choix du cr\u00e9neau : A venir<\/option><\/select><\/div><\/div><\/div><div class=\"forminator-row\"><div id=\"textarea-1\" class=\"forminator-field-textarea forminator-col forminator-col-12 \"><div class=\"forminator-field\"><label for=\"forminator-field-textarea-1_69d2112c2fca5\" id=\"forminator-field-textarea-1_69d2112c2fca5-label\" class=\"forminator-label\">UN MESSAGE ?<\/label><textarea name=\"textarea-1\" placeholder=\"\" id=\"forminator-field-textarea-1_69d2112c2fca5\" class=\"forminator-textarea\" rows=\"6\" style=\"min-height:140px;\" ><\/textarea><\/div><\/div><\/div><div class=\"forminator-row\"><div id=\"gdprcheckbox-1\" class=\"forminator-field-gdprcheckbox forminator-col forminator-col-12 \"><div class=\"forminator-field\"><label for=\"forminator-field-gdprcheckbox-1_69d2112c2fca5\" id=\"forminator-field-gdprcheckbox-1_69d2112c2fca5-label\" class=\"forminator-label\">J&#039;ACCEPTE LES TERMES DE LA CHARTE <span class=\"forminator-required\">*<\/span><\/label><label for=\"forminator-field-gdprcheckbox-1_69d2112c2fca5\" class=\"forminator-checkbox\"><input type=\"checkbox\" name=\"gdprcheckbox-1\" value=\"true\" id=\"forminator-field-gdprcheckbox-1_69d2112c2fca5\" data-required=\"true\" aria-required=\"true\" \/><span class=\"forminator-checkbox-box\" aria-hidden=\"true\"><\/span><span class=\"forminator-checkbox-label\">Oui, j\u2019accepte les termes de la charte et les conditions g\u00e9n\u00e9rales.<\/span><\/label><\/div><\/div><\/div><div class=\"forminator-row\"><div id=\"captcha-1\" class=\"forminator-field-captcha forminator-col forminator-col-12 \"><div class=\"forminator-captcha-left forminator-g-recaptcha\" data-theme=\"light\"  data-sitekey=\"6LdcWpIdAAAAAMpDd1_jw8Nkz0xbdi1NKyq3JImp\" data-size=\"normal\"><\/div> <\/div><\/div><input type=\"hidden\" name=\"referer_url\" value=\"\" \/><div class=\"forminator-row forminator-row-last\"><div class=\"forminator-col\"><div class=\"forminator-field\"><button class=\"forminator-button forminator-button-submit\">Envoyer le message<\/button><\/div><\/div><\/div><input type=\"hidden\" id=\"forminator_nonce\" name=\"forminator_nonce\" value=\"1bad22107c\" \/><input type=\"hidden\" name=\"_wp_http_referer\" value=\"\/index.php\/wp-json\/wp\/v2\/pages\/409\" \/><input type=\"hidden\" name=\"form_id\" value=\"1847\"><input type=\"hidden\" name=\"page_id\" value=\"409\"><input type=\"hidden\" name=\"form_type\" value=\"default\"><input type=\"hidden\" name=\"current_url\" value=\"https:\/\/daroulqouran.fr\/index.php\/inscription\/\"><input type=\"hidden\" name=\"render_id\" value=\"0\"><input type=\"hidden\" name=\"action\" value=\"forminator_submit_form_custom-forms\"><\/form><\/div>\n","protected":false},"excerpt":{"rendered":"<p>Vous souhaitez vous inscrire \u00e0 une session ? Daroul Qouran vous&nbsp;propose l\u2019int\u00e9gralit\u00e9 de ses formations en e-learning. Les&nbsp;cours en ligne&nbsp;vous permettent de suivre plusieurs modules \u00e0 la fois, d&rsquo;o\u00f9 vous le souhaitez et \u00e0 diff\u00e9rentes sessions dans l&rsquo;ann\u00e9e. Nous mettons l&rsquo;accent sur l&rsquo;assimilation durable des notions et l&rsquo;\u00e9volution personnelle de chacun, c&rsquo;est pourquoi nos classes [&hellip;]<\/p>\n","protected":false},"author":1,"featured_media":0,"parent":0,"menu_order":0,"comment_status":"closed","ping_status":"closed","template":"menu","meta":{"footnotes":""},"class_list":["post-409","page","type-page","status-publish","hentry"],"_links":{"self":[{"href":"https:\/\/daroulqouran.fr\/index.php\/wp-json\/wp\/v2\/pages\/409","targetHints":{"allow":["GET"]}}],"collection":[{"href":"https:\/\/daroulqouran.fr\/index.php\/wp-json\/wp\/v2\/pages"}],"about":[{"href":"https:\/\/daroulqouran.fr\/index.php\/wp-json\/wp\/v2\/types\/page"}],"author":[{"embeddable":true,"href":"https:\/\/daroulqouran.fr\/index.php\/wp-json\/wp\/v2\/users\/1"}],"replies":[{"embeddable":true,"href":"https:\/\/daroulqouran.fr\/index.php\/wp-json\/wp\/v2\/comments?post=409"}],"version-history":[{"count":24,"href":"https:\/\/daroulqouran.fr\/index.php\/wp-json\/wp\/v2\/pages\/409\/revisions"}],"predecessor-version":[{"id":1931,"href":"https:\/\/daroulqouran.fr\/index.php\/wp-json\/wp\/v2\/pages\/409\/revisions\/1931"}],"wp:attachment":[{"href":"https:\/\/daroulqouran.fr\/index.php\/wp-json\/wp\/v2\/media?parent=409"}],"curies":[{"name":"wp","href":"https:\/\/api.w.org\/{rel}","templated":true}]}}